{"id":87,"date":"2022-06-09T14:45:46","date_gmt":"2022-06-09T14:45:46","guid":{"rendered":"https:\/\/orbiampuigimmobiliaria.cat\/?page_id=87"},"modified":"2023-06-15T22:17:25","modified_gmt":"2023-06-15T21:17:25","slug":"contactar","status":"publish","type":"page","link":"https:\/\/orbiampuigimmobiliaria.cat\/es\/contactar\/","title":{"rendered":"Contactar"},"content":{"rendered":"\t\t<div data-elementor-type=\"wp-page\" data-elementor-id=\"87\" class=\"elementor elementor-87\">\n\t\t\t\t\t\t<section class=\"elementor-section elementor-top-section elementor-element elementor-element-d013bc7 elementor-section-stretched elementor-header elementor-section-boxed elementor-section-height-default elementor-section-height-default\" data-id=\"d013bc7\" data-element_type=\"section\" data-e-type=\"section\" data-settings=\"{&quot;stretch_section&quot;:&quot;section-stretched&quot;,&quot;background_background&quot;:&quot;classic&quot;}\">\n\t\t\t\t\t\t\t<div class=\"elementor-background-overlay\"><\/div>\n\t\t\t\t\t\t\t<div class=\"elementor-container elementor-column-gap-default\">\n\t\t\t\t\t<div class=\"elementor-column elementor-col-50 elementor-top-column elementor-element elementor-element-3a97f05\" data-id=\"3a97f05\" data-element_type=\"column\" data-e-type=\"column\">\n\t\t\t<div class=\"elementor-widget-wrap elementor-element-populated\">\n\t\t\t\t\t\t<div class=\"elementor-element elementor-element-30805b7 elementor-widget elementor-widget-heading\" data-id=\"30805b7\" data-element_type=\"widget\" data-e-type=\"widget\" data-widget_type=\"heading.default\">\n\t\t\t\t<div class=\"elementor-widget-container\">\n\t\t\t\t\t<h1 class=\"elementor-heading-title elementor-size-default\">Contacto y Ubicaci\u00f3n ORBIAM IMMOBILI\u00c0RIA<\/h1>\t\t\t\t<\/div>\n\t\t\t\t<\/div>\n\t\t\t\t<div class=\"elementor-element elementor-element-855ddd3 elementor-hidden-desktop elementor-hidden-tablet elementor-hidden-mobile elementor-widget elementor-widget-text-editor\" data-id=\"855ddd3\" data-element_type=\"widget\" data-e-type=\"widget\" data-widget_type=\"text-editor.default\">\n\t\t\t\t<div class=\"elementor-widget-container\">\n\t\t\t\t\t\t\t\t\tPara cualquier pregunta o comentario, por favor p\u00f3ngase en contacto con nosotros a trav\u00e9s del formulario de contacto.\t\t\t\t\t\t\t\t<\/div>\n\t\t\t\t<\/div>\n\t\t\t\t\t<\/div>\n\t\t<\/div>\n\t\t\t\t<div class=\"elementor-column elementor-col-50 elementor-top-column elementor-element elementor-element-93566ac\" data-id=\"93566ac\" data-element_type=\"column\" data-e-type=\"column\">\n\t\t\t<div class=\"elementor-widget-wrap\">\n\t\t\t\t\t\t\t<\/div>\n\t\t<\/div>\n\t\t\t\t\t<\/div>\n\t\t<\/section>\n\t\t\t\t<section class=\"elementor-section elementor-top-section elementor-element elementor-element-3e47c563 elementor-section-boxed elementor-section-height-default elementor-section-height-default\" data-id=\"3e47c563\" data-element_type=\"section\" data-e-type=\"section\">\n\t\t\t\t\t\t<div class=\"elementor-container elementor-column-gap-default\">\n\t\t\t\t\t<div class=\"elementor-column elementor-col-50 elementor-top-column elementor-element elementor-element-3b8c17a6\" data-id=\"3b8c17a6\" data-element_type=\"column\" data-e-type=\"column\">\n\t\t\t<div class=\"elementor-widget-wrap elementor-element-populated\">\n\t\t\t\t\t\t<div class=\"elementor-element elementor-element-5954539e elementor-widget elementor-widget-shortcode\" data-id=\"5954539e\" data-element_type=\"widget\" data-e-type=\"widget\" data-widget_type=\"shortcode.default\">\n\t\t\t\t<div class=\"elementor-widget-container\">\n\t\t\t\t\t\t\t<div class=\"elementor-shortcode\">\n<div class=\"wpcf7 no-js\" id=\"wpcf7-f11-o1\" lang=\"en-US\" dir=\"ltr\" data-wpcf7-id=\"11\">\n<div class=\"screen-reader-response\"><p role=\"status\" aria-live=\"polite\" aria-atomic=\"true\"><\/p> <ul><\/ul><\/div>\n<form action=\"\/es\/wp-json\/wp\/v2\/pages\/87#wpcf7-f11-o1\" method=\"post\" class=\"wpcf7-form init\" aria-label=\"Contact form\" novalidate=\"novalidate\" data-status=\"init\">\n<fieldset class=\"hidden-fields-container\"><input type=\"hidden\" name=\"_wpcf7\" value=\"11\" \/><input type=\"hidden\" name=\"_wpcf7_version\" value=\"6.1.5\" \/><input type=\"hidden\" name=\"_wpcf7_locale\" value=\"en_US\" \/><input type=\"hidden\" name=\"_wpcf7_unit_tag\" value=\"wpcf7-f11-o1\" \/><input type=\"hidden\" name=\"_wpcf7_container_post\" value=\"0\" \/><input type=\"hidden\" name=\"_wpcf7_posted_data_hash\" value=\"\" \/>\n<\/fieldset>\n<div class=\"responsive-form\">\n\t<div class=\"form-row\">\n\t\t<div class=\"column-half\">\n\t\t\t<p><label> Nombre y apellidos *<br \/>\n<span class=\"wpcf7-form-control-wrap\" data-name=\"nombre\"><input size=\"40\" maxlength=\"400\" class=\"wpcf7-form-control wpcf7-text wpcf7-validates-as-required\" aria-required=\"true\" aria-invalid=\"false\" value=\"\" type=\"text\" name=\"nombre\" \/><\/span> <\/label>\n\t\t\t<\/p>\n\t\t<\/div>\n\t\t<div class=\"column-half\">\n\t\t\t<p><label> E-mail *<br \/>\n<span class=\"wpcf7-form-control-wrap\" data-name=\"email\"><input size=\"40\" maxlength=\"400\" class=\"wpcf7-form-control wpcf7-email wpcf7-validates-as-required wpcf7-text wpcf7-validates-as-email\" aria-required=\"true\" aria-invalid=\"false\" value=\"\" type=\"email\" name=\"email\" \/><\/span> <\/label>\n\t\t\t<\/p>\n\t\t<\/div>\n\t<\/div>\n\t<div class=\"form-row\">\n\t\t<div class=\"column-half\">\n\t\t\t<p><label> Tel\u00e9fono *<br \/>\n<span class=\"wpcf7-form-control-wrap\" data-name=\"telefono\"><input size=\"40\" maxlength=\"400\" class=\"wpcf7-form-control wpcf7-tel wpcf7-validates-as-required wpcf7-text wpcf7-validates-as-tel\" aria-required=\"true\" aria-invalid=\"false\" value=\"\" type=\"tel\" name=\"telefono\" \/><\/span> <\/label>\n\t\t\t<\/p>\n\t\t<\/div>\n\t\t<div class=\"column-half\">\n\t\t\t<p><label> Poblaci\u00f3n *<br \/>\n<span class=\"wpcf7-form-control-wrap\" data-name=\"poblacion\"><input size=\"40\" maxlength=\"400\" class=\"wpcf7-form-control wpcf7-text wpcf7-validates-as-required\" aria-required=\"true\" aria-invalid=\"false\" value=\"\" type=\"text\" name=\"poblacion\" \/><\/span> <\/label>\n\t\t\t<\/p>\n\t\t<\/div>\n\t<\/div>\n\t<p><span id=\"wpcf7-69e17796bf44b-wrapper\" class=\"wpcf7-form-control-wrap website-412-wrap\" style=\"display:none !important; visibility:hidden !important;\"><label for=\"wpcf7-69e17796bf44b-field\" class=\"hp-message\">Please leave this field empty.<\/label><input id=\"wpcf7-69e17796bf44b-field\"  placeholder=\"Web\"  class=\"wpcf7-form-control wpcf7-text\" type=\"text\" name=\"website-412\" value=\"\" size=\"40\" tabindex=\"-1\" autocomplete=\"new-password\" \/><\/span>\n\t<\/p>\n\t<div class=\"form-row\">\n\t\t<div class=\"column-full\">\n\t\t\t<p><label> Mensaje *<br \/>\n<span class=\"wpcf7-form-control-wrap\" data-name=\"mensaje\"><textarea cols=\"40\" rows=\"10\" maxlength=\"2000\" class=\"wpcf7-form-control wpcf7-textarea wpcf7-validates-as-required\" aria-required=\"true\" aria-invalid=\"false\" placeholder=\"Escribe un mensaje...\" name=\"mensaje\"><\/textarea><\/span> <\/label>\n\t\t\t<\/p>\n\t\t<\/div>\n\t\t<div class=\"column-full acceptance-legal-accept\">\n\t\t\t<p><span class=\"wpcf7-form-control-wrap\" data-name=\"acceptance-legal-accept\"><span class=\"wpcf7-form-control wpcf7-acceptance\"><span class=\"wpcf7-list-item\"><label><input type=\"checkbox\" name=\"acceptance-legal-accept\" value=\"1\" aria-invalid=\"false\" \/><span class=\"wpcf7-list-item-label\">He le\u00eddo y acepto el <a href=\"\/aviso-legal\/\" target=\"_blank\">Aviso legal<\/a> y la <a href=\"\/politica-de-privacidad\/\" target=\"_blank\">Pol\u00edtica de privacidad<\/a>. *<\/span><\/label><\/span><\/span><\/span>\n\t\t\t<\/p>\n\t\t<\/div>\n\t\t<div class=\"column-full\">\n\t\t\t<p><input class=\"wpcf7-form-control wpcf7-submit has-spinner\" type=\"submit\" value=\"Enviar\" \/>\n\t\t\t<\/p>\n\t\t<\/div>\n\t<\/div>\n<\/div><div class=\"wpcf7-response-output\" aria-hidden=\"true\"><\/div>\n<\/form>\n<\/div>\n<\/div>\n\t\t\t\t\t\t<\/div>\n\t\t\t\t<\/div>\n\t\t\t\t\t<\/div>\n\t\t<\/div>\n\t\t\t\t<div class=\"elementor-column elementor-col-50 elementor-top-column elementor-element elementor-element-30cf5c66\" data-id=\"30cf5c66\" data-element_type=\"column\" data-e-type=\"column\">\n\t\t\t<div class=\"elementor-widget-wrap elementor-element-populated\">\n\t\t\t\t\t\t<div class=\"elementor-element elementor-element-7c098399 elementor-widget elementor-widget-image\" data-id=\"7c098399\" data-element_type=\"widget\" data-e-type=\"widget\" data-widget_type=\"image.default\">\n\t\t\t\t<div class=\"elementor-widget-container\">\n\t\t\t\t\t\t\t\t\t\t\t\t\t\t\t<img decoding=\"async\" width=\"190\" height=\"62\" src=\"https:\/\/orbiampuigimmobiliaria.cat\/wp-content\/uploads\/2022\/10\/orbiam_grup.svg\" class=\"attachment-large size-large wp-image-4070\" alt=\"\" \/>\t\t\t\t\t\t\t\t\t\t\t\t\t\t\t<\/div>\n\t\t\t\t<\/div>\n\t\t\t\t<div class=\"elementor-element elementor-element-38bdb4fe elementor-widget elementor-widget-text-editor\" data-id=\"38bdb4fe\" data-element_type=\"widget\" data-e-type=\"widget\" data-widget_type=\"text-editor.default\">\n\t\t\t\t<div class=\"elementor-widget-container\">\n\t\t\t\t\t\t\t\t\t<p>Servicios integrales de la edificaci\u00f3n.<\/p>\t\t\t\t\t\t\t\t<\/div>\n\t\t\t\t<\/div>\n\t\t\t\t<div class=\"elementor-element elementor-element-437588ff elementor-widget elementor-widget-text-editor\" data-id=\"437588ff\" data-element_type=\"widget\" data-e-type=\"widget\" data-widget_type=\"text-editor.default\">\n\t\t\t\t<div class=\"elementor-widget-container\">\n\t\t\t\t\t\t\t\t\t<p>ORBIAM-PUIG INMOBILIARIA<\/p>\t\t\t\t\t\t\t\t<\/div>\n\t\t\t\t<\/div>\n\t\t\t\t<div class=\"elementor-element elementor-element-19e2c1f1 elementor-position-inline-start elementor-mobile-position-inline-start elementor-view-default elementor-widget elementor-widget-icon-box\" data-id=\"19e2c1f1\" data-element_type=\"widget\" data-e-type=\"widget\" data-widget_type=\"icon-box.default\">\n\t\t\t\t<div class=\"elementor-widget-container\">\n\t\t\t\t\t\t\t<div class=\"elementor-icon-box-wrapper\">\n\n\t\t\t\t\t\t<div class=\"elementor-icon-box-icon\">\n\t\t\t\t<span  class=\"elementor-icon\">\n\t\t\t\t<i aria-hidden=\"true\" class=\"fas fa-map-marker-alt\"><\/i>\t\t\t\t<\/span>\n\t\t\t<\/div>\n\t\t\t\n\t\t\t\t\t\t<div class=\"elementor-icon-box-content\">\n\n\t\t\t\t\n\t\t\t\t\t\t\t\t\t<p class=\"elementor-icon-box-description\">\n\t\t\t\t\t\tC. Cam\u00ed Ral. Parcela 26 B\n\n- Pol. Ind. Gualba de Baix\n\n08474 Gualba (Barcelona)\t\t\t\t\t<\/p>\n\t\t\t\t\n\t\t\t<\/div>\n\t\t\t\n\t\t<\/div>\n\t\t\t\t\t\t<\/div>\n\t\t\t\t<\/div>\n\t\t\t\t<div class=\"elementor-element elementor-element-245769ac elementor-position-inline-start elementor-mobile-position-inline-start elementor-view-default elementor-widget elementor-widget-icon-box\" data-id=\"245769ac\" data-element_type=\"widget\" data-e-type=\"widget\" data-widget_type=\"icon-box.default\">\n\t\t\t\t<div class=\"elementor-widget-container\">\n\t\t\t\t\t\t\t<div class=\"elementor-icon-box-wrapper\">\n\n\t\t\t\t\t\t<div class=\"elementor-icon-box-icon\">\n\t\t\t\t<a href=\"mailto:info@orbiampuigimmobiliaria.cat\" class=\"elementor-icon\" tabindex=\"-1\">\n\t\t\t\t<i aria-hidden=\"true\" class=\"fas fa-envelope\"><\/i>\t\t\t\t<\/a>\n\t\t\t<\/div>\n\t\t\t\n\t\t\t\t\t\t<div class=\"elementor-icon-box-content\">\n\n\t\t\t\t\n\t\t\t\t\t\t\t\t\t<p class=\"elementor-icon-box-description\">\n\t\t\t\t\t\tinfo@orbiampuigimmobiliaria.cat\t\t\t\t\t<\/p>\n\t\t\t\t\n\t\t\t<\/div>\n\t\t\t\n\t\t<\/div>\n\t\t\t\t\t\t<\/div>\n\t\t\t\t<\/div>\n\t\t\t\t<div class=\"elementor-element elementor-element-49f72c3e elementor-position-inline-start elementor-mobile-position-inline-start elementor-view-default elementor-widget elementor-widget-icon-box\" data-id=\"49f72c3e\" data-element_type=\"widget\" data-e-type=\"widget\" data-widget_type=\"icon-box.default\">\n\t\t\t\t<div class=\"elementor-widget-container\">\n\t\t\t\t\t\t\t<div class=\"elementor-icon-box-wrapper\">\n\n\t\t\t\t\t\t<div class=\"elementor-icon-box-icon\">\n\t\t\t\t<a href=\"tel:+34935130000\" class=\"elementor-icon\" tabindex=\"-1\">\n\t\t\t\t<i aria-hidden=\"true\" class=\"fas fa-phone-alt\"><\/i>\t\t\t\t<\/a>\n\t\t\t<\/div>\n\t\t\t\n\t\t\t\t\t\t<div class=\"elementor-icon-box-content\">\n\n\t\t\t\t\n\t\t\t\t\t\t\t\t\t<p class=\"elementor-icon-box-description\">\n\t\t\t\t\t\tTel.: +34 93 513 00 00\t\t\t\t\t<\/p>\n\t\t\t\t\n\t\t\t<\/div>\n\t\t\t\n\t\t<\/div>\n\t\t\t\t\t\t<\/div>\n\t\t\t\t<\/div>\n\t\t\t\t<div class=\"elementor-element elementor-element-15fd0d9 elementor-position-inline-start elementor-mobile-position-inline-start elementor-view-default elementor-widget elementor-widget-icon-box\" data-id=\"15fd0d9\" data-element_type=\"widget\" data-e-type=\"widget\" data-widget_type=\"icon-box.default\">\n\t\t\t\t<div class=\"elementor-widget-container\">\n\t\t\t\t\t\t\t<div class=\"elementor-icon-box-wrapper\">\n\n\t\t\t\t\t\t<div class=\"elementor-icon-box-icon\">\n\t\t\t\t<a href=\"https:\/\/api.whatsapp.com\/send?phone=34661798425\" class=\"elementor-icon\" tabindex=\"-1\">\n\t\t\t\t<i aria-hidden=\"true\" class=\"fab fa-whatsapp\"><\/i>\t\t\t\t<\/a>\n\t\t\t<\/div>\n\t\t\t\n\t\t\t\t\t\t<div class=\"elementor-icon-box-content\">\n\n\t\t\t\t\n\t\t\t\t\t\t\t\t\t<p class=\"elementor-icon-box-description\">\n\t\t\t\t\t\tTel.: +34 661 798 425 \t\t\t\t\t<\/p>\n\t\t\t\t\n\t\t\t<\/div>\n\t\t\t\n\t\t<\/div>\n\t\t\t\t\t\t<\/div>\n\t\t\t\t<\/div>\n\t\t\t\t\t<\/div>\n\t\t<\/div>\n\t\t\t\t\t<\/div>\n\t\t<\/section>\n\t\t\t\t<section class=\"elementor-section elementor-top-section elementor-element elementor-element-416c076 elementor-section-full_width elementor-section-stretched elementor-section-height-default elementor-section-height-default\" data-id=\"416c076\" data-element_type=\"section\" data-e-type=\"section\" data-settings=\"{&quot;stretch_section&quot;:&quot;section-stretched&quot;}\">\n\t\t\t\t\t\t<div class=\"elementor-container elementor-column-gap-default\">\n\t\t\t\t\t<div class=\"elementor-column elementor-col-100 elementor-top-column elementor-element elementor-element-15503d1\" data-id=\"15503d1\" data-element_type=\"column\" data-e-type=\"column\">\n\t\t\t<div class=\"elementor-widget-wrap elementor-element-populated\">\n\t\t\t\t\t\t<div class=\"elementor-element elementor-element-d99d871 elementor-widget elementor-widget-google_maps\" data-id=\"d99d871\" data-element_type=\"widget\" data-e-type=\"widget\" data-widget_type=\"google_maps.default\">\n\t\t\t\t<div class=\"elementor-widget-container\">\n\t\t\t\t\t\t\t<div class=\"elementor-custom-embed\">\n\t\t\t<iframe loading=\"lazy\"\n\t\t\t\t\tsrc=\"https:\/\/maps.google.com\/maps?q=C.%20Cam%C3%AD%20Ral.%20Parcel%C2%B7la%2026%20B%20Pol.%20Ind.%20Gualba%20de%20Baix%2008474%20Gualba%20%28Barcelona%29&#038;t=m&#038;z=15&#038;output=embed&#038;iwloc=near\"\n\t\t\t\t\ttitle=\"C. Cam\u00ed Ral. Parcel\u00b7la 26 B Pol. Ind. Gualba de Baix 08474 Gualba (Barcelona)\"\n\t\t\t\t\taria-label=\"C. Cam\u00ed Ral. Parcel\u00b7la 26 B Pol. Ind. Gualba de Baix 08474 Gualba (Barcelona)\"\n\t\t\t><\/iframe>\n\t\t<\/div>\n\t\t\t\t\t\t<\/div>\n\t\t\t\t<\/div>\n\t\t\t\t\t<\/div>\n\t\t<\/div>\n\t\t\t\t\t<\/div>\n\t\t<\/section>\n\t\t\t\t<\/div>\n\t\t","protected":false},"excerpt":{"rendered":"<p>Contacto y Ubicaci\u00f3n ORBIAM IMMOBILI\u00c0RIA Para cualquier pregunta o comentario, por favor p\u00f3ngase en contacto con nosotros a trav\u00e9s del formulario de contacto. Servicios integrales de la edificaci\u00f3n. ORBIAM-PUIG INMOBILIARIA C. Cam\u00ed Ral. Parcela 26 B &#8211; Pol. Ind. Gualba de Baix 08474 Gualba (Barcelona) info@orbiampuigimmobiliaria.cat Tel.: +34 93 513 00 00 Tel.: +34 661&hellip;<\/p>\n","protected":false},"author":1,"featured_media":0,"parent":0,"menu_order":0,"comment_status":"closed","ping_status":"closed","template":"","meta":{"_acf_changed":false,"footnotes":""},"class_list":{"2":"type-page","4":"hentry"},"acf":[],"yoast_head":"<!-- This site is optimized with the Yoast SEO plugin v27.0 - https:\/\/yoast.com\/product\/yoast-seo-wordpress\/ -->\n<title>Contactar - Orbiam Immobili\u00e0ria<\/title>\n<meta name=\"robots\" content=\"index, follow, max-snippet:-1, max-image-preview:large, max-video-preview:-1\" \/>\n<link rel=\"canonical\" href=\"https:\/\/orbiampuigimmobiliaria.cat\/es\/contactar\/\" \/>\n<meta property=\"og:locale\" content=\"es_ES\" \/>\n<meta property=\"og:type\" content=\"article\" \/>\n<meta property=\"og:title\" content=\"Contactar - Orbiam Immobili\u00e0ria\" \/>\n<meta property=\"og:description\" content=\"Contacto y Ubicaci\u00f3n ORBIAM IMMOBILI\u00c0RIA Para cualquier pregunta o comentario, por favor p\u00f3ngase en contacto con nosotros a trav\u00e9s del formulario de contacto. Servicios integrales de la edificaci\u00f3n. ORBIAM-PUIG INMOBILIARIA C. Cam\u00ed Ral. Parcela 26 B &#8211; Pol. Ind. Gualba de Baix 08474 Gualba (Barcelona) info@orbiampuigimmobiliaria.cat Tel.: +34 93 513 00 00 Tel.: +34 661&hellip;\" \/>\n<meta property=\"og:url\" content=\"https:\/\/orbiampuigimmobiliaria.cat\/es\/contactar\/\" \/>\n<meta property=\"og:site_name\" content=\"Orbiam Immobili\u00e0ria\" \/>\n<meta property=\"article:modified_time\" content=\"2023-06-15T21:17:25+00:00\" \/>\n<meta property=\"og:image\" content=\"https:\/\/orbiampuigimmobiliaria.cat\/wp-content\/uploads\/2022\/10\/orbiam_grup.svg\" \/>\n<meta name=\"twitter:card\" content=\"summary_large_image\" \/>\n<meta name=\"twitter:label1\" content=\"Tiempo de lectura\" \/>\n\t<meta name=\"twitter:data1\" content=\"1 minuto\" \/>\n<script type=\"application\/ld+json\" class=\"yoast-schema-graph\">{\"@context\":\"https:\/\/schema.org\",\"@graph\":[{\"@type\":\"WebPage\",\"@id\":\"https:\/\/orbiampuigimmobiliaria.cat\/es\/contactar\/\",\"url\":\"https:\/\/orbiampuigimmobiliaria.cat\/es\/contactar\/\",\"name\":\"Contactar - Orbiam Immobili\u00e0ria\",\"isPartOf\":{\"@id\":\"https:\/\/orbiampuigimmobiliaria.cat\/#website\"},\"primaryImageOfPage\":{\"@id\":\"https:\/\/orbiampuigimmobiliaria.cat\/es\/contactar\/#primaryimage\"},\"image\":{\"@id\":\"https:\/\/orbiampuigimmobiliaria.cat\/es\/contactar\/#primaryimage\"},\"thumbnailUrl\":\"https:\/\/orbiampuigimmobiliaria.cat\/wp-content\/uploads\/2022\/10\/orbiam_grup.svg\",\"datePublished\":\"2022-06-09T14:45:46+00:00\",\"dateModified\":\"2023-06-15T21:17:25+00:00\",\"breadcrumb\":{\"@id\":\"https:\/\/orbiampuigimmobiliaria.cat\/es\/contactar\/#breadcrumb\"},\"inLanguage\":\"es\",\"potentialAction\":[{\"@type\":\"ReadAction\",\"target\":[\"https:\/\/orbiampuigimmobiliaria.cat\/es\/contactar\/\"]}]},{\"@type\":\"ImageObject\",\"inLanguage\":\"es\",\"@id\":\"https:\/\/orbiampuigimmobiliaria.cat\/es\/contactar\/#primaryimage\",\"url\":\"https:\/\/orbiampuigimmobiliaria.cat\/wp-content\/uploads\/2022\/10\/orbiam_grup.svg\",\"contentUrl\":\"https:\/\/orbiampuigimmobiliaria.cat\/wp-content\/uploads\/2022\/10\/orbiam_grup.svg\"},{\"@type\":\"BreadcrumbList\",\"@id\":\"https:\/\/orbiampuigimmobiliaria.cat\/es\/contactar\/#breadcrumb\",\"itemListElement\":[{\"@type\":\"ListItem\",\"position\":1,\"name\":\"Home\",\"item\":\"https:\/\/orbiampuigimmobiliaria.cat\/es\/\"},{\"@type\":\"ListItem\",\"position\":2,\"name\":\"Contactar\"}]},{\"@type\":\"WebSite\",\"@id\":\"https:\/\/orbiampuigimmobiliaria.cat\/#website\",\"url\":\"https:\/\/orbiampuigimmobiliaria.cat\/\",\"name\":\"Orbiam Immobili\u00e0ria\",\"description\":\"\",\"potentialAction\":[{\"@type\":\"SearchAction\",\"target\":{\"@type\":\"EntryPoint\",\"urlTemplate\":\"https:\/\/orbiampuigimmobiliaria.cat\/?s={search_term_string}\"},\"query-input\":{\"@type\":\"PropertyValueSpecification\",\"valueRequired\":true,\"valueName\":\"search_term_string\"}}],\"inLanguage\":\"es\"}]}<\/script>\n<!-- \/ Yoast SEO plugin. -->","yoast_head_json":{"title":"Contactar - Orbiam Immobili\u00e0ria","robots":{"index":"index","follow":"follow","max-snippet":"max-snippet:-1","max-image-preview":"max-image-preview:large","max-video-preview":"max-video-preview:-1"},"canonical":"https:\/\/orbiampuigimmobiliaria.cat\/es\/contactar\/","og_locale":"es_ES","og_type":"article","og_title":"Contactar - Orbiam Immobili\u00e0ria","og_description":"Contacto y Ubicaci\u00f3n ORBIAM IMMOBILI\u00c0RIA Para cualquier pregunta o comentario, por favor p\u00f3ngase en contacto con nosotros a trav\u00e9s del formulario de contacto. Servicios integrales de la edificaci\u00f3n. ORBIAM-PUIG INMOBILIARIA C. Cam\u00ed Ral. Parcela 26 B &#8211; Pol. Ind. Gualba de Baix 08474 Gualba (Barcelona) info@orbiampuigimmobiliaria.cat Tel.: +34 93 513 00 00 Tel.: +34 661&hellip;","og_url":"https:\/\/orbiampuigimmobiliaria.cat\/es\/contactar\/","og_site_name":"Orbiam Immobili\u00e0ria","article_modified_time":"2023-06-15T21:17:25+00:00","og_image":[{"url":"https:\/\/orbiampuigimmobiliaria.cat\/wp-content\/uploads\/2022\/10\/orbiam_grup.svg","type":"","width":"","height":""}],"twitter_card":"summary_large_image","twitter_misc":{"Tiempo de lectura":"1 minuto"},"schema":{"@context":"https:\/\/schema.org","@graph":[{"@type":"WebPage","@id":"https:\/\/orbiampuigimmobiliaria.cat\/es\/contactar\/","url":"https:\/\/orbiampuigimmobiliaria.cat\/es\/contactar\/","name":"Contactar - Orbiam Immobili\u00e0ria","isPartOf":{"@id":"https:\/\/orbiampuigimmobiliaria.cat\/#website"},"primaryImageOfPage":{"@id":"https:\/\/orbiampuigimmobiliaria.cat\/es\/contactar\/#primaryimage"},"image":{"@id":"https:\/\/orbiampuigimmobiliaria.cat\/es\/contactar\/#primaryimage"},"thumbnailUrl":"https:\/\/orbiampuigimmobiliaria.cat\/wp-content\/uploads\/2022\/10\/orbiam_grup.svg","datePublished":"2022-06-09T14:45:46+00:00","dateModified":"2023-06-15T21:17:25+00:00","breadcrumb":{"@id":"https:\/\/orbiampuigimmobiliaria.cat\/es\/contactar\/#breadcrumb"},"inLanguage":"es","potentialAction":[{"@type":"ReadAction","target":["https:\/\/orbiampuigimmobiliaria.cat\/es\/contactar\/"]}]},{"@type":"ImageObject","inLanguage":"es","@id":"https:\/\/orbiampuigimmobiliaria.cat\/es\/contactar\/#primaryimage","url":"https:\/\/orbiampuigimmobiliaria.cat\/wp-content\/uploads\/2022\/10\/orbiam_grup.svg","contentUrl":"https:\/\/orbiampuigimmobiliaria.cat\/wp-content\/uploads\/2022\/10\/orbiam_grup.svg"},{"@type":"BreadcrumbList","@id":"https:\/\/orbiampuigimmobiliaria.cat\/es\/contactar\/#breadcrumb","itemListElement":[{"@type":"ListItem","position":1,"name":"Home","item":"https:\/\/orbiampuigimmobiliaria.cat\/es\/"},{"@type":"ListItem","position":2,"name":"Contactar"}]},{"@type":"WebSite","@id":"https:\/\/orbiampuigimmobiliaria.cat\/#website","url":"https:\/\/orbiampuigimmobiliaria.cat\/","name":"Orbiam Immobili\u00e0ria","description":"","potentialAction":[{"@type":"SearchAction","target":{"@type":"EntryPoint","urlTemplate":"https:\/\/orbiampuigimmobiliaria.cat\/?s={search_term_string}"},"query-input":{"@type":"PropertyValueSpecification","valueRequired":true,"valueName":"search_term_string"}}],"inLanguage":"es"}]}},"_links":{"self":[{"href":"https:\/\/orbiampuigimmobiliaria.cat\/es\/wp-json\/wp\/v2\/pages\/87","targetHints":{"allow":["GET"]}}],"collection":[{"href":"https:\/\/orbiampuigimmobiliaria.cat\/es\/wp-json\/wp\/v2\/pages"}],"about":[{"href":"https:\/\/orbiampuigimmobiliaria.cat\/es\/wp-json\/wp\/v2\/types\/page"}],"author":[{"embeddable":true,"href":"https:\/\/orbiampuigimmobiliaria.cat\/es\/wp-json\/wp\/v2\/users\/1"}],"replies":[{"embeddable":true,"href":"https:\/\/orbiampuigimmobiliaria.cat\/es\/wp-json\/wp\/v2\/comments?post=87"}],"version-history":[{"count":68,"href":"https:\/\/orbiampuigimmobiliaria.cat\/es\/wp-json\/wp\/v2\/pages\/87\/revisions"}],"predecessor-version":[{"id":6383,"href":"https:\/\/orbiampuigimmobiliaria.cat\/es\/wp-json\/wp\/v2\/pages\/87\/revisions\/6383"}],"wp:attachment":[{"href":"https:\/\/orbiampuigimmobiliaria.cat\/es\/wp-json\/wp\/v2\/media?parent=87"}],"curies":[{"name":"wp","href":"https:\/\/api.w.org\/{rel}","templated":true}]}}