{"id":4117,"date":"2022-10-18T20:32:31","date_gmt":"2022-10-18T18:32:31","guid":{"rendered":"https:\/\/orbiampuigimmobiliaria.cat\/?page_id=4117"},"modified":"2022-12-02T13:39:18","modified_gmt":"2022-12-02T12:39:18","slug":"politica-de-privacidad","status":"publish","type":"page","link":"https:\/\/orbiampuigimmobiliaria.cat\/es\/politica-de-privacidad\/","title":{"rendered":"Pol\u00edtica de privacidad"},"content":{"rendered":"\t\t<div data-elementor-type=\"wp-page\" data-elementor-id=\"4117\" class=\"elementor elementor-4117\">\n\t\t\t\t\t\t<section class=\"elementor-section elementor-top-section elementor-element elementor-element-0d94585 elementor-section-stretched elementor-section-boxed elementor-section-height-default elementor-section-height-default\" data-id=\"0d94585\" data-element_type=\"section\" data-e-type=\"section\" data-settings=\"{&quot;stretch_section&quot;:&quot;section-stretched&quot;,&quot;background_background&quot;:&quot;classic&quot;}\">\n\t\t\t\t\t\t<div class=\"elementor-container elementor-column-gap-default\">\n\t\t\t\t\t<div class=\"elementor-column elementor-col-100 elementor-top-column elementor-element elementor-element-35dec9f\" data-id=\"35dec9f\" data-element_type=\"column\" data-e-type=\"column\">\n\t\t\t<div class=\"elementor-widget-wrap elementor-element-populated\">\n\t\t\t\t\t\t<div class=\"elementor-element elementor-element-ce7fb72 elementor-widget elementor-widget-heading\" data-id=\"ce7fb72\" data-element_type=\"widget\" data-e-type=\"widget\" data-widget_type=\"heading.default\">\n\t\t\t\t<div class=\"elementor-widget-container\">\n\t\t\t\t\t<h1 class=\"elementor-heading-title elementor-size-default\">Pol\u00edtica de privacidad<\/h1>\t\t\t\t<\/div>\n\t\t\t\t<\/div>\n\t\t\t\t\t<\/div>\n\t\t<\/div>\n\t\t\t\t\t<\/div>\n\t\t<\/section>\n\t\t\t\t<section class=\"elementor-section elementor-top-section elementor-element elementor-element-dc9a473 elementor-section-boxed elementor-section-height-default elementor-section-height-default\" data-id=\"dc9a473\" data-element_type=\"section\" data-e-type=\"section\">\n\t\t\t\t\t\t<div class=\"elementor-container elementor-column-gap-default\">\n\t\t\t\t\t<div class=\"elementor-column elementor-col-100 elementor-top-column elementor-element elementor-element-6e6487f\" data-id=\"6e6487f\" data-element_type=\"column\" data-e-type=\"column\">\n\t\t\t<div class=\"elementor-widget-wrap elementor-element-populated\">\n\t\t\t\t\t\t<div class=\"elementor-element elementor-element-528c8dc elementor-widget elementor-widget-text-editor\" data-id=\"528c8dc\" data-element_type=\"widget\" data-e-type=\"widget\" data-widget_type=\"text-editor.default\">\n\t\t\t\t<div class=\"elementor-widget-container\">\n\t\t\t\t\t\t\t\t\t<p>En cumplimiento del REGLAMENTO (UE) 2016\/679 DEL PARLAMENTO EUROPEO Y DEL CONSEJO de 27 de Abril de 2016, relativo a la protecci\u00f3n de las personas f\u00edsicas en lo que respecta al tratamiento de datos personales y a la libre circulaci\u00f3n de estos datos, y de la Ley Org\u00e1nica 3\/2018, de 5 de diciembre, de Protecci\u00f3n de Datos Personales y garant\u00eda de los derechos digitales, se le informa que los datos personales proporcionados por usted a trav\u00e9s del sitio web www.orbiamgrup.com (en adelante el sitio web), ser\u00e1n tratados en los siguientes t\u00e9rminos:<\/p>\n<h2>Responsable del tratamiento<\/h2>\n<p>Los datos personales recabados a trav\u00e9s de este sitio web ser\u00e1n tratados por ORBIAM GRUP 05, S.L., con domicilio para el ejercicio de derechos en C\/ Font del Bocs s\/n Pol. Ind. Mol\u00ed de les Planes&nbsp;08470 Sant Celoni (Barcelona), E-mail: <a href=\"mailto: info@orbiamgrup.com\"> info@orbiamgrup.com<\/a><\/p>\n<h2>Finalidades del tratamiento<\/h2>\n<ul>\n<li>Informarle acerca de nuestros productos y servicios, cuando as\u00ed lo solicite a trav\u00e9s de los formularios del sitio web o por correo electr\u00f3nico.<\/li>\n<li>Dar contestaci\u00f3n y gestionar sus consultas, comentarios y sugerencias, en su caso.<\/li>\n<li>Gestionar su participaci\u00f3n en presentes y futuros procesos de selecci\u00f3n, cuando nos haga llegar sus datos (incluido su curr\u00edculo) con dicha finalidad.<\/li>\n<li>Con la finalidad de obtener informaci\u00f3n del uso del sitio web, se analizan el n\u00famero de p\u00e1ginas visitadas, el n\u00famero de visitas, as\u00ed como la actividad de los visitantes y su frecuencia de utilizaci\u00f3n. A estos efectos, ORBIAM GRUP 05, S.L. utiliza informaci\u00f3n estad\u00edstica elaborada por el Proveedor de Servicios de Internet que no permite identificar al interesado en ning\u00fan momento.<\/li>\n<\/ul>\n<h2>Legitimaci\u00f3n<\/h2>\n<h3>Consentimiento<\/h3>\n<p>Los datos personales obtenidos a trav\u00e9s de los formularios del sitio web ser\u00e1n tratados \u00fanicamente en base al consentimiento otorgado por el interesado, a trav\u00e9s de la aceptaci\u00f3n de la casilla dispuesta para tal fin. Este consentimiento puede ser retirado en cualquier momento.<\/p>\n<h3>Inter\u00e9s leg\u00edtimo de ORBIAM GRUP 05, S.L.<\/h3>\n<p>La informaci\u00f3n estad\u00edstica obtenida del sitio web ser\u00e1 tratada en base al inter\u00e9s leg\u00edtimo ORBIAM GRUP 05, S.L. Esta informaci\u00f3n no permite identificar al usuario.<\/p>\n<h2>Destinatarios<\/h2>\n<p>Los datos personales obtenidos a trav\u00e9s del sitio web no ser\u00e1n comunicados a terceros, salvo obligaci\u00f3n legal.<\/p>\n<h2>Conservaci\u00f3n<\/h2>\n<p>Los datos personales facilitados por el usuario para recibir comunicaciones comerciales ser\u00e1n conservados mientras el interesado no solicite su supresi\u00f3n o retire su consentimiento.<\/p>\n<p>Cuando el usuario env\u00ede sus datos personales para participar en procesos de selecci\u00f3n de ORBIAM GRUP 05, S.L., los datos ser\u00e1n tratados para participar en presentes procesos de selecci\u00f3n, y si no fuera seleccionado, se conservar\u00e1n sus datos personales durante un periodo de dos a\u00f1os con el fin de poder contar con su participaci\u00f3n en futuros procesos.<\/p>\n<p>Cuando el usuario env\u00ede sus datos para contactar con ORBIAM GRUP 05, S.L., realizar consultas o sugerencias, los datos se conservar\u00e1n mientras sea necesario para tal fin y puedan derivarse responsabilidades del tratamiento. Datos de tr\u00e1fico, estad\u00edsticos y visitas web: los datos ser\u00e1n conservados durante el plazo de tres a\u00f1os.<\/p>\n<h2>Derechos<\/h2>\n<p>Puede ejercer sus derechos de acceso, rectificaci\u00f3n, supresi\u00f3n y portabilidad de sus datos, de limitaci\u00f3n y oposici\u00f3n a su tratamiento, mediante escrito acompa\u00f1ado de documento oficial que le identifique dirigido a ORBIAM GRUP 05, S.L. C\/ Font del Bocs s\/n Pol. Ind. Mol\u00ed de les Planes&nbsp;08470 Sant Celoni (Barcelona) E-mail:&nbsp;<a href=\"mailto:info@orbiamgrup.com\">info@orbiamgrup.com<\/a>.<\/p>\n<p>En caso de disconformidad con el tratamiento, tambi\u00e9n tiene derecho a presentar una reclamaci\u00f3n ante la Agencia Espa\u00f1ola de Protecci\u00f3n de Datos (<a href=\"www.aepd.es\" target=\"_blank\" rel=\"nofollow noopener\">www.aepd.es<\/a>).<\/p>\n<h2>Pol\u00edtica de protecci\u00f3n de menores<\/h2>\n<p>Quien facilita los datos a trav\u00e9s de los formularios de esta Web y acepta su tratamiento declara formalmente ser mayor de 14 a\u00f1os.<\/p>\n<p>Queda prohibido el acceso y uso del portal a los menores de 14 a\u00f1os de edad.<\/p>\n<p>ORBIAM GRUP 05, S.L. recuerda a las personas mayores de edad que tengan a su cargo menores, que ser\u00e1 de su exclusiva responsabilidad si alg\u00fan menor incorpora sus datos para solicitar alg\u00fan producto.<\/p>\n<p>Tambi\u00e9n les informa que existen programas inform\u00e1ticos para acotar la navegaci\u00f3n mediante el filtro o bloqueo a determinados contenidos.<\/p>\n<h2>Tratamiento derivado del uso de las redes sociales<\/h2>\n<p>Al seguir nuestro perfil en las redes sociales consiente expresamente el tratamiento de sus datos personales conforme a la pol\u00edtica de privacidad de la correspondiente red social. Igualmente, consiente expresamente el acceso de ORBIAM GRUP 05, S.L. al tratamiento de sus datos contenidos en su perfil y que las noticias publicadas sobre cualquier producto de ORBIAM GRUP 05, S.L. aparezcan en su muro. Su petici\u00f3n para conectar implica necesariamente su consentimiento para los tratamientos se\u00f1alados, siendo esta la base legal del tratamiento. Los datos se conservar\u00e1n mientras el interesado no solicite su oposici\u00f3n o retire su consentimiento, pudiendo retirar este en cualquier momento.<\/p>\n<p>Los comentarios y contenidos publicados en las redes sociales se convertir\u00e1n en informaci\u00f3n p\u00fablica, por lo que los usuarios deber\u00e1n tener especial cautela cuando decidan compartir su informaci\u00f3n personal. ORBIAM GRUP 05, S.L. no se hace responsable por la informaci\u00f3n que los usuarios incorporen en la p\u00e1gina. No obstante, las personas cuyos datos personales se encuentren publicados o est\u00e9n incluidos en comentarios, podr\u00e1n solicitar a ORBIAM GRUP 05, S.L. la cancelaci\u00f3n de estos.<\/p>\t\t\t\t\t\t\t\t<\/div>\n\t\t\t\t<\/div>\n\t\t\t\t\t<\/div>\n\t\t<\/div>\n\t\t\t\t\t<\/div>\n\t\t<\/section>\n\t\t\t\t<\/div>\n\t\t","protected":false},"excerpt":{"rendered":"<p>Pol\u00edtica de privacidad En cumplimiento del REGLAMENTO (UE) 2016\/679 DEL PARLAMENTO EUROPEO Y DEL CONSEJO de 27 de Abril de 2016, relativo a la protecci\u00f3n de las personas f\u00edsicas en lo que respecta al tratamiento de datos personales y a la libre circulaci\u00f3n de estos datos, y de la Ley Org\u00e1nica 3\/2018, de 5 de&hellip;<\/p>\n","protected":false},"author":1,"featured_media":0,"parent":0,"menu_order":0,"comment_status":"closed","ping_status":"closed","template":"","meta":{"_acf_changed":false,"footnotes":""},"class_list":{"2":"type-page","4":"hentry"},"acf":[],"yoast_head":"<!-- This site is optimized with the Yoast SEO plugin v27.0 - https:\/\/yoast.com\/product\/yoast-seo-wordpress\/ -->\n<title>Pol\u00edtica de privacidad - Orbiam Immobili\u00e0ria<\/title>\n<meta name=\"robots\" content=\"index, follow, max-snippet:-1, max-image-preview:large, max-video-preview:-1\" \/>\n<link rel=\"canonical\" href=\"https:\/\/orbiampuigimmobiliaria.cat\/es\/politica-de-privacidad\/\" \/>\n<meta property=\"og:locale\" content=\"es_ES\" \/>\n<meta property=\"og:type\" content=\"article\" \/>\n<meta property=\"og:title\" content=\"Pol\u00edtica de privacidad - Orbiam Immobili\u00e0ria\" \/>\n<meta property=\"og:description\" content=\"Pol\u00edtica de privacidad En cumplimiento del REGLAMENTO (UE) 2016\/679 DEL PARLAMENTO EUROPEO Y DEL CONSEJO de 27 de Abril de 2016, relativo a la protecci\u00f3n de las personas f\u00edsicas en lo que respecta al tratamiento de datos personales y a la libre circulaci\u00f3n de estos datos, y de la Ley Org\u00e1nica 3\/2018, de 5 de&hellip;\" \/>\n<meta property=\"og:url\" content=\"https:\/\/orbiampuigimmobiliaria.cat\/es\/politica-de-privacidad\/\" \/>\n<meta property=\"og:site_name\" content=\"Orbiam Immobili\u00e0ria\" \/>\n<meta property=\"article:modified_time\" content=\"2022-12-02T12:39:18+00:00\" \/>\n<meta name=\"twitter:card\" content=\"summary_large_image\" \/>\n<meta name=\"twitter:label1\" content=\"Tiempo de lectura\" \/>\n\t<meta name=\"twitter:data1\" content=\"4 minutos\" \/>\n<script type=\"application\/ld+json\" class=\"yoast-schema-graph\">{\"@context\":\"https:\/\/schema.org\",\"@graph\":[{\"@type\":\"WebPage\",\"@id\":\"https:\/\/orbiampuigimmobiliaria.cat\/es\/politica-de-privacidad\/\",\"url\":\"https:\/\/orbiampuigimmobiliaria.cat\/es\/politica-de-privacidad\/\",\"name\":\"Pol\u00edtica de privacidad - Orbiam Immobili\u00e0ria\",\"isPartOf\":{\"@id\":\"https:\/\/orbiampuigimmobiliaria.cat\/#website\"},\"datePublished\":\"2022-10-18T18:32:31+00:00\",\"dateModified\":\"2022-12-02T12:39:18+00:00\",\"breadcrumb\":{\"@id\":\"https:\/\/orbiampuigimmobiliaria.cat\/es\/politica-de-privacidad\/#breadcrumb\"},\"inLanguage\":\"es\",\"potentialAction\":[{\"@type\":\"ReadAction\",\"target\":[\"https:\/\/orbiampuigimmobiliaria.cat\/es\/politica-de-privacidad\/\"]}]},{\"@type\":\"BreadcrumbList\",\"@id\":\"https:\/\/orbiampuigimmobiliaria.cat\/es\/politica-de-privacidad\/#breadcrumb\",\"itemListElement\":[{\"@type\":\"ListItem\",\"position\":1,\"name\":\"Home\",\"item\":\"https:\/\/orbiampuigimmobiliaria.cat\/es\/\"},{\"@type\":\"ListItem\",\"position\":2,\"name\":\"Pol\u00edtica de privacidad\"}]},{\"@type\":\"WebSite\",\"@id\":\"https:\/\/orbiampuigimmobiliaria.cat\/#website\",\"url\":\"https:\/\/orbiampuigimmobiliaria.cat\/\",\"name\":\"Orbiam Immobili\u00e0ria\",\"description\":\"\",\"potentialAction\":[{\"@type\":\"SearchAction\",\"target\":{\"@type\":\"EntryPoint\",\"urlTemplate\":\"https:\/\/orbiampuigimmobiliaria.cat\/?s={search_term_string}\"},\"query-input\":{\"@type\":\"PropertyValueSpecification\",\"valueRequired\":true,\"valueName\":\"search_term_string\"}}],\"inLanguage\":\"es\"}]}<\/script>\n<!-- \/ Yoast SEO plugin. -->","yoast_head_json":{"title":"Pol\u00edtica de privacidad - Orbiam Immobili\u00e0ria","robots":{"index":"index","follow":"follow","max-snippet":"max-snippet:-1","max-image-preview":"max-image-preview:large","max-video-preview":"max-video-preview:-1"},"canonical":"https:\/\/orbiampuigimmobiliaria.cat\/es\/politica-de-privacidad\/","og_locale":"es_ES","og_type":"article","og_title":"Pol\u00edtica de privacidad - Orbiam Immobili\u00e0ria","og_description":"Pol\u00edtica de privacidad En cumplimiento del REGLAMENTO (UE) 2016\/679 DEL PARLAMENTO EUROPEO Y DEL CONSEJO de 27 de Abril de 2016, relativo a la protecci\u00f3n de las personas f\u00edsicas en lo que respecta al tratamiento de datos personales y a la libre circulaci\u00f3n de estos datos, y de la Ley Org\u00e1nica 3\/2018, de 5 de&hellip;","og_url":"https:\/\/orbiampuigimmobiliaria.cat\/es\/politica-de-privacidad\/","og_site_name":"Orbiam Immobili\u00e0ria","article_modified_time":"2022-12-02T12:39:18+00:00","twitter_card":"summary_large_image","twitter_misc":{"Tiempo de lectura":"4 minutos"},"schema":{"@context":"https:\/\/schema.org","@graph":[{"@type":"WebPage","@id":"https:\/\/orbiampuigimmobiliaria.cat\/es\/politica-de-privacidad\/","url":"https:\/\/orbiampuigimmobiliaria.cat\/es\/politica-de-privacidad\/","name":"Pol\u00edtica de privacidad - Orbiam Immobili\u00e0ria","isPartOf":{"@id":"https:\/\/orbiampuigimmobiliaria.cat\/#website"},"datePublished":"2022-10-18T18:32:31+00:00","dateModified":"2022-12-02T12:39:18+00:00","breadcrumb":{"@id":"https:\/\/orbiampuigimmobiliaria.cat\/es\/politica-de-privacidad\/#breadcrumb"},"inLanguage":"es","potentialAction":[{"@type":"ReadAction","target":["https:\/\/orbiampuigimmobiliaria.cat\/es\/politica-de-privacidad\/"]}]},{"@type":"BreadcrumbList","@id":"https:\/\/orbiampuigimmobiliaria.cat\/es\/politica-de-privacidad\/#breadcrumb","itemListElement":[{"@type":"ListItem","position":1,"name":"Home","item":"https:\/\/orbiampuigimmobiliaria.cat\/es\/"},{"@type":"ListItem","position":2,"name":"Pol\u00edtica de privacidad"}]},{"@type":"WebSite","@id":"https:\/\/orbiampuigimmobiliaria.cat\/#website","url":"https:\/\/orbiampuigimmobiliaria.cat\/","name":"Orbiam Immobili\u00e0ria","description":"","potentialAction":[{"@type":"SearchAction","target":{"@type":"EntryPoint","urlTemplate":"https:\/\/orbiampuigimmobiliaria.cat\/?s={search_term_string}"},"query-input":{"@type":"PropertyValueSpecification","valueRequired":true,"valueName":"search_term_string"}}],"inLanguage":"es"}]}},"_links":{"self":[{"href":"https:\/\/orbiampuigimmobiliaria.cat\/es\/wp-json\/wp\/v2\/pages\/4117","targetHints":{"allow":["GET"]}}],"collection":[{"href":"https:\/\/orbiampuigimmobiliaria.cat\/es\/wp-json\/wp\/v2\/pages"}],"about":[{"href":"https:\/\/orbiampuigimmobiliaria.cat\/es\/wp-json\/wp\/v2\/types\/page"}],"author":[{"embeddable":true,"href":"https:\/\/orbiampuigimmobiliaria.cat\/es\/wp-json\/wp\/v2\/users\/1"}],"replies":[{"embeddable":true,"href":"https:\/\/orbiampuigimmobiliaria.cat\/es\/wp-json\/wp\/v2\/comments?post=4117"}],"version-history":[{"count":13,"href":"https:\/\/orbiampuigimmobiliaria.cat\/es\/wp-json\/wp\/v2\/pages\/4117\/revisions"}],"predecessor-version":[{"id":6029,"href":"https:\/\/orbiampuigimmobiliaria.cat\/es\/wp-json\/wp\/v2\/pages\/4117\/revisions\/6029"}],"wp:attachment":[{"href":"https:\/\/orbiampuigimmobiliaria.cat\/es\/wp-json\/wp\/v2\/media?parent=4117"}],"curies":[{"name":"wp","href":"https:\/\/api.w.org\/{rel}","templated":true}]}}