{"id":4062,"date":"2022-10-11T12:29:20","date_gmt":"2022-10-11T10:29:20","guid":{"rendered":"https:\/\/orbiampuigimmobiliaria.cat\/?page_id=4062"},"modified":"2022-11-08T14:15:17","modified_gmt":"2022-11-08T13:15:17","slug":"servicios-juridicos","status":"publish","type":"page","link":"https:\/\/orbiampuigimmobiliaria.cat\/es\/servicios-juridicos\/","title":{"rendered":"Servicios Jur\u00eddicos"},"content":{"rendered":"\t\t<div data-elementor-type=\"wp-page\" data-elementor-id=\"4062\" class=\"elementor elementor-4062\">\n\t\t\t\t\t\t<section class=\"elementor-section elementor-top-section elementor-element elementor-element-a1ca76e elementor-section-stretched brand-header-white elementor-section-boxed elementor-section-height-default elementor-section-height-default\" data-id=\"a1ca76e\" data-element_type=\"section\" data-e-type=\"section\" data-settings=\"{&quot;stretch_section&quot;:&quot;section-stretched&quot;,&quot;background_background&quot;:&quot;classic&quot;}\">\n\t\t\t\t\t\t<div class=\"elementor-container elementor-column-gap-default\">\n\t\t\t\t\t<div class=\"elementor-column elementor-col-50 elementor-top-column elementor-element elementor-element-b2e82bd\" data-id=\"b2e82bd\" data-element_type=\"column\" data-e-type=\"column\">\n\t\t\t<div class=\"elementor-widget-wrap elementor-element-populated\">\n\t\t\t\t\t\t<div class=\"elementor-element elementor-element-97926d7 elementor-widget elementor-widget-heading\" data-id=\"97926d7\" data-element_type=\"widget\" data-e-type=\"widget\" data-widget_type=\"heading.default\">\n\t\t\t\t<div class=\"elementor-widget-container\">\n\t\t\t\t\t<h1 class=\"elementor-heading-title elementor-size-default\">SERVICIOS JUR\u00cdDICOS  <\/h1>\t\t\t\t<\/div>\n\t\t\t\t<\/div>\n\t\t\t\t<div class=\"elementor-element elementor-element-3c1c750 elementor-widget elementor-widget-text-editor\" data-id=\"3c1c750\" data-element_type=\"widget\" data-e-type=\"widget\" data-widget_type=\"text-editor.default\">\n\t\t\t\t<div class=\"elementor-widget-container\">\n\t\t\t\t\t\t\t\t\t<p>Nuestra principal misi\u00f3n es solucionar cualquier tipo de problema que pueda surgir de una forma \u00e1gil, directa y profesional. Somos <strong>Especialistas en derecho inmobiliario<\/strong> y ofrecemos <strong>asesoramiento<\/strong> <strong>jur\u00eddico riguroso<\/strong>.<\/p>\t\t\t\t\t\t\t\t<\/div>\n\t\t\t\t<\/div>\n\t\t\t\t<div class=\"elementor-element elementor-element-4145fae elementor-align-left elementor-mobile-align-center elementor-widget elementor-widget-button\" data-id=\"4145fae\" data-element_type=\"widget\" data-e-type=\"widget\" data-widget_type=\"button.default\">\n\t\t\t\t<div class=\"elementor-widget-container\">\n\t\t\t\t\t\t\t\t\t<div class=\"elementor-button-wrapper\">\n\t\t\t\t\t<a class=\"elementor-button elementor-button-link elementor-size-sm\" href=\"\/contactar\/\">\n\t\t\t\t\t\t<span class=\"elementor-button-content-wrapper\">\n\t\t\t\t\t\t\t\t\t<span class=\"elementor-button-text\">Contactar<\/span>\n\t\t\t\t\t<\/span>\n\t\t\t\t\t<\/a>\n\t\t\t\t<\/div>\n\t\t\t\t\t\t\t\t<\/div>\n\t\t\t\t<\/div>\n\t\t\t\t\t<\/div>\n\t\t<\/div>\n\t\t\t\t<div class=\"elementor-column elementor-col-50 elementor-top-column elementor-element elementor-element-3a4cbcd\" data-id=\"3a4cbcd\" data-element_type=\"column\" data-e-type=\"column\">\n\t\t\t<div class=\"elementor-widget-wrap\">\n\t\t\t\t\t\t\t<\/div>\n\t\t<\/div>\n\t\t\t\t\t<\/div>\n\t\t<\/section>\n\t\t\t\t<section class=\"elementor-section elementor-top-section elementor-element elementor-element-4d9d4a48 elementor-section-stretched elementor-section-boxed elementor-section-height-default elementor-section-height-default\" data-id=\"4d9d4a48\" data-element_type=\"section\" data-e-type=\"section\" data-settings=\"{&quot;stretch_section&quot;:&quot;section-stretched&quot;}\">\n\t\t\t\t\t\t<div class=\"elementor-container elementor-column-gap-default\">\n\t\t\t\t\t<div class=\"elementor-column elementor-col-100 elementor-top-column elementor-element elementor-element-5f89c06b\" data-id=\"5f89c06b\" data-element_type=\"column\" data-e-type=\"column\">\n\t\t\t<div class=\"elementor-widget-wrap elementor-element-populated\">\n\t\t\t\t\t\t<div class=\"elementor-element elementor-element-1f6fb22c elementor-widget elementor-widget-spacer\" data-id=\"1f6fb22c\" data-element_type=\"widget\" data-e-type=\"widget\" data-widget_type=\"spacer.default\">\n\t\t\t\t<div class=\"elementor-widget-container\">\n\t\t\t\t\t\t\t<div class=\"elementor-spacer\">\n\t\t\t<div class=\"elementor-spacer-inner\"><\/div>\n\t\t<\/div>\n\t\t\t\t\t\t<\/div>\n\t\t\t\t<\/div>\n\t\t\t\t<div class=\"elementor-element elementor-element-6f7a80cb elementor-widget elementor-widget-text-editor\" data-id=\"6f7a80cb\" data-element_type=\"widget\" data-e-type=\"widget\" data-widget_type=\"text-editor.default\">\n\t\t\t\t<div class=\"elementor-widget-container\">\n\t\t\t\t\t\t\t\t\t<p>En <strong>ORBIAM PUIG INMOBILIARIA <\/strong>contamos con profesionales que atesoran gran experiencia en el<strong> asesoramiento jur\u00eddico y t\u00e9cnico\u00a0en el<\/strong> <strong>\u00e1rea inmobiliaria<\/strong>. Un equipo multidisciplinar, con una s\u00f3lida formaci\u00f3n especializada en la <strong>planificaci\u00f3n y gesti\u00f3n urban\u00edstica<\/strong>, lo que nos permite prestar un servicio eficaz y con un alt\u00edsimo porcentaje de \u00e9xito.<\/p>\t\t\t\t\t\t\t\t<\/div>\n\t\t\t\t<\/div>\n\t\t\t\t<section class=\"elementor-section elementor-inner-section elementor-element elementor-element-731bbcf elementor-reverse-mobile elementor-section-boxed elementor-section-height-default elementor-section-height-default\" data-id=\"731bbcf\" data-element_type=\"section\" data-e-type=\"section\">\n\t\t\t\t\t\t<div class=\"elementor-container elementor-column-gap-default\">\n\t\t\t\t\t<div class=\"elementor-column elementor-col-50 elementor-inner-column elementor-element elementor-element-7aca526\" data-id=\"7aca526\" data-element_type=\"column\" data-e-type=\"column\">\n\t\t\t<div class=\"elementor-widget-wrap elementor-element-populated\">\n\t\t\t\t\t\t<div class=\"elementor-element elementor-element-cd876af elementor-widget elementor-widget-image\" data-id=\"cd876af\" data-element_type=\"widget\" data-e-type=\"widget\" data-widget_type=\"image.default\">\n\t\t\t\t<div class=\"elementor-widget-container\">\n\t\t\t\t\t\t\t\t\t\t\t\t\t\t\t<img fetchpriority=\"high\" decoding=\"async\" width=\"768\" height=\"512\" src=\"https:\/\/orbiampuigimmobiliaria.cat\/wp-content\/uploads\/2022\/11\/servicios_inmobiliarios_02.jpg\" class=\"attachment-large size-large wp-image-5553\" alt=\"\" srcset=\"https:\/\/orbiampuigimmobiliaria.cat\/wp-content\/uploads\/2022\/11\/servicios_inmobiliarios_02.jpg 768w, https:\/\/orbiampuigimmobiliaria.cat\/wp-content\/uploads\/2022\/11\/servicios_inmobiliarios_02-300x200.jpg 300w\" sizes=\"(max-width: 768px) 100vw, 768px\" \/>\t\t\t\t\t\t\t\t\t\t\t\t\t\t\t<\/div>\n\t\t\t\t<\/div>\n\t\t\t\t\t<\/div>\n\t\t<\/div>\n\t\t\t\t<div class=\"elementor-column elementor-col-50 elementor-inner-column elementor-element elementor-element-df54a4f\" data-id=\"df54a4f\" data-element_type=\"column\" data-e-type=\"column\" data-settings=\"{&quot;background_background&quot;:&quot;classic&quot;}\">\n\t\t\t<div class=\"elementor-widget-wrap elementor-element-populated\">\n\t\t\t\t\t\t<div class=\"elementor-element elementor-element-53aa97d elementor-widget elementor-widget-heading\" data-id=\"53aa97d\" data-element_type=\"widget\" data-e-type=\"widget\" data-widget_type=\"heading.default\">\n\t\t\t\t<div class=\"elementor-widget-container\">\n\t\t\t\t\t<h2 class=\"elementor-heading-title elementor-size-default\">Especialistas a su servicio en todo tipo de Servicios Jur\u00eddicos:<\/h2>\t\t\t\t<\/div>\n\t\t\t\t<\/div>\n\t\t\t\t<div class=\"elementor-element elementor-element-c807621 elementor-widget elementor-widget-text-editor\" data-id=\"c807621\" data-element_type=\"widget\" data-e-type=\"widget\" data-widget_type=\"text-editor.default\">\n\t\t\t\t<div class=\"elementor-widget-container\">\n\t\t\t\t\t\t\t\t\t<ul><li>Asesor\u00eda Jur\u00eddica<\/li><li>Transmisiones Patrimoniales<\/li><li>Herencias<\/li><li>Desahucios<\/li><\/ul>\t\t\t\t\t\t\t\t<\/div>\n\t\t\t\t<\/div>\n\t\t\t\t\t<\/div>\n\t\t<\/div>\n\t\t\t\t\t<\/div>\n\t\t<\/section>\n\t\t\t\t\t<\/div>\n\t\t<\/div>\n\t\t\t\t\t<\/div>\n\t\t<\/section>\n\t\t\t\t<\/div>\n\t\t","protected":false},"excerpt":{"rendered":"<p>SERVICIOS JUR\u00cdDICOS Nuestra principal misi\u00f3n es solucionar cualquier tipo de problema que pueda surgir de una forma \u00e1gil, directa y profesional. Somos Especialistas en derecho inmobiliario y ofrecemos asesoramiento jur\u00eddico riguroso. Contactar En ORBIAM PUIG INMOBILIARIA contamos con profesionales que atesoran gran experiencia en el asesoramiento jur\u00eddico y t\u00e9cnico\u00a0en el \u00e1rea inmobiliaria. Un equipo multidisciplinar,&hellip;<\/p>\n","protected":false},"author":1,"featured_media":0,"parent":0,"menu_order":0,"comment_status":"closed","ping_status":"closed","template":"","meta":{"_acf_changed":false,"footnotes":""},"class_list":{"2":"type-page","4":"hentry"},"acf":[],"yoast_head":"<!-- This site is optimized with the Yoast SEO plugin v27.0 - https:\/\/yoast.com\/product\/yoast-seo-wordpress\/ -->\n<title>Servicios Jur\u00eddicos - Orbiam Immobili\u00e0ria<\/title>\n<meta name=\"robots\" content=\"index, follow, max-snippet:-1, max-image-preview:large, max-video-preview:-1\" \/>\n<link rel=\"canonical\" href=\"https:\/\/orbiampuigimmobiliaria.cat\/es\/servicios-juridicos\/\" \/>\n<meta property=\"og:locale\" content=\"es_ES\" \/>\n<meta property=\"og:type\" content=\"article\" \/>\n<meta property=\"og:title\" content=\"Servicios Jur\u00eddicos - Orbiam Immobili\u00e0ria\" \/>\n<meta property=\"og:description\" content=\"SERVICIOS JUR\u00cdDICOS Nuestra principal misi\u00f3n es solucionar cualquier tipo de problema que pueda surgir de una forma \u00e1gil, directa y profesional. Somos Especialistas en derecho inmobiliario y ofrecemos asesoramiento jur\u00eddico riguroso. Contactar En ORBIAM PUIG INMOBILIARIA contamos con profesionales que atesoran gran experiencia en el asesoramiento jur\u00eddico y t\u00e9cnico\u00a0en el \u00e1rea inmobiliaria. Un equipo multidisciplinar,&hellip;\" \/>\n<meta property=\"og:url\" content=\"https:\/\/orbiampuigimmobiliaria.cat\/es\/servicios-juridicos\/\" \/>\n<meta property=\"og:site_name\" content=\"Orbiam Immobili\u00e0ria\" \/>\n<meta property=\"article:modified_time\" content=\"2022-11-08T13:15:17+00:00\" \/>\n<meta property=\"og:image\" content=\"https:\/\/orbiampuigimmobiliaria.cat\/wp-content\/uploads\/2022\/11\/servicios_inmobiliarios_02.jpg\" \/>\n<meta name=\"twitter:card\" content=\"summary_large_image\" \/>\n<meta name=\"twitter:label1\" content=\"Tiempo de lectura\" \/>\n\t<meta name=\"twitter:data1\" content=\"1 minuto\" \/>\n<script type=\"application\/ld+json\" class=\"yoast-schema-graph\">{\"@context\":\"https:\/\/schema.org\",\"@graph\":[{\"@type\":\"WebPage\",\"@id\":\"https:\/\/orbiampuigimmobiliaria.cat\/es\/servicios-juridicos\/\",\"url\":\"https:\/\/orbiampuigimmobiliaria.cat\/es\/servicios-juridicos\/\",\"name\":\"Servicios Jur\u00eddicos - Orbiam Immobili\u00e0ria\",\"isPartOf\":{\"@id\":\"https:\/\/orbiampuigimmobiliaria.cat\/#website\"},\"primaryImageOfPage\":{\"@id\":\"https:\/\/orbiampuigimmobiliaria.cat\/es\/servicios-juridicos\/#primaryimage\"},\"image\":{\"@id\":\"https:\/\/orbiampuigimmobiliaria.cat\/es\/servicios-juridicos\/#primaryimage\"},\"thumbnailUrl\":\"https:\/\/orbiampuigimmobiliaria.cat\/wp-content\/uploads\/2022\/11\/servicios_inmobiliarios_02.jpg\",\"datePublished\":\"2022-10-11T10:29:20+00:00\",\"dateModified\":\"2022-11-08T13:15:17+00:00\",\"breadcrumb\":{\"@id\":\"https:\/\/orbiampuigimmobiliaria.cat\/es\/servicios-juridicos\/#breadcrumb\"},\"inLanguage\":\"es\",\"potentialAction\":[{\"@type\":\"ReadAction\",\"target\":[\"https:\/\/orbiampuigimmobiliaria.cat\/es\/servicios-juridicos\/\"]}]},{\"@type\":\"ImageObject\",\"inLanguage\":\"es\",\"@id\":\"https:\/\/orbiampuigimmobiliaria.cat\/es\/servicios-juridicos\/#primaryimage\",\"url\":\"https:\/\/orbiampuigimmobiliaria.cat\/wp-content\/uploads\/2022\/11\/servicios_inmobiliarios_02.jpg\",\"contentUrl\":\"https:\/\/orbiampuigimmobiliaria.cat\/wp-content\/uploads\/2022\/11\/servicios_inmobiliarios_02.jpg\"},{\"@type\":\"BreadcrumbList\",\"@id\":\"https:\/\/orbiampuigimmobiliaria.cat\/es\/servicios-juridicos\/#breadcrumb\",\"itemListElement\":[{\"@type\":\"ListItem\",\"position\":1,\"name\":\"Home\",\"item\":\"https:\/\/orbiampuigimmobiliaria.cat\/es\/\"},{\"@type\":\"ListItem\",\"position\":2,\"name\":\"Servicios Jur\u00eddicos\"}]},{\"@type\":\"WebSite\",\"@id\":\"https:\/\/orbiampuigimmobiliaria.cat\/#website\",\"url\":\"https:\/\/orbiampuigimmobiliaria.cat\/\",\"name\":\"Orbiam Immobili\u00e0ria\",\"description\":\"\",\"potentialAction\":[{\"@type\":\"SearchAction\",\"target\":{\"@type\":\"EntryPoint\",\"urlTemplate\":\"https:\/\/orbiampuigimmobiliaria.cat\/?s={search_term_string}\"},\"query-input\":{\"@type\":\"PropertyValueSpecification\",\"valueRequired\":true,\"valueName\":\"search_term_string\"}}],\"inLanguage\":\"es\"}]}<\/script>\n<!-- \/ Yoast SEO plugin. -->","yoast_head_json":{"title":"Servicios Jur\u00eddicos - Orbiam Immobili\u00e0ria","robots":{"index":"index","follow":"follow","max-snippet":"max-snippet:-1","max-image-preview":"max-image-preview:large","max-video-preview":"max-video-preview:-1"},"canonical":"https:\/\/orbiampuigimmobiliaria.cat\/es\/servicios-juridicos\/","og_locale":"es_ES","og_type":"article","og_title":"Servicios Jur\u00eddicos - Orbiam Immobili\u00e0ria","og_description":"SERVICIOS JUR\u00cdDICOS Nuestra principal misi\u00f3n es solucionar cualquier tipo de problema que pueda surgir de una forma \u00e1gil, directa y profesional. Somos Especialistas en derecho inmobiliario y ofrecemos asesoramiento jur\u00eddico riguroso. Contactar En ORBIAM PUIG INMOBILIARIA contamos con profesionales que atesoran gran experiencia en el asesoramiento jur\u00eddico y t\u00e9cnico\u00a0en el \u00e1rea inmobiliaria. Un equipo multidisciplinar,&hellip;","og_url":"https:\/\/orbiampuigimmobiliaria.cat\/es\/servicios-juridicos\/","og_site_name":"Orbiam Immobili\u00e0ria","article_modified_time":"2022-11-08T13:15:17+00:00","og_image":[{"url":"https:\/\/orbiampuigimmobiliaria.cat\/wp-content\/uploads\/2022\/11\/servicios_inmobiliarios_02.jpg","type":"","width":"","height":""}],"twitter_card":"summary_large_image","twitter_misc":{"Tiempo de lectura":"1 minuto"},"schema":{"@context":"https:\/\/schema.org","@graph":[{"@type":"WebPage","@id":"https:\/\/orbiampuigimmobiliaria.cat\/es\/servicios-juridicos\/","url":"https:\/\/orbiampuigimmobiliaria.cat\/es\/servicios-juridicos\/","name":"Servicios Jur\u00eddicos - Orbiam Immobili\u00e0ria","isPartOf":{"@id":"https:\/\/orbiampuigimmobiliaria.cat\/#website"},"primaryImageOfPage":{"@id":"https:\/\/orbiampuigimmobiliaria.cat\/es\/servicios-juridicos\/#primaryimage"},"image":{"@id":"https:\/\/orbiampuigimmobiliaria.cat\/es\/servicios-juridicos\/#primaryimage"},"thumbnailUrl":"https:\/\/orbiampuigimmobiliaria.cat\/wp-content\/uploads\/2022\/11\/servicios_inmobiliarios_02.jpg","datePublished":"2022-10-11T10:29:20+00:00","dateModified":"2022-11-08T13:15:17+00:00","breadcrumb":{"@id":"https:\/\/orbiampuigimmobiliaria.cat\/es\/servicios-juridicos\/#breadcrumb"},"inLanguage":"es","potentialAction":[{"@type":"ReadAction","target":["https:\/\/orbiampuigimmobiliaria.cat\/es\/servicios-juridicos\/"]}]},{"@type":"ImageObject","inLanguage":"es","@id":"https:\/\/orbiampuigimmobiliaria.cat\/es\/servicios-juridicos\/#primaryimage","url":"https:\/\/orbiampuigimmobiliaria.cat\/wp-content\/uploads\/2022\/11\/servicios_inmobiliarios_02.jpg","contentUrl":"https:\/\/orbiampuigimmobiliaria.cat\/wp-content\/uploads\/2022\/11\/servicios_inmobiliarios_02.jpg"},{"@type":"BreadcrumbList","@id":"https:\/\/orbiampuigimmobiliaria.cat\/es\/servicios-juridicos\/#breadcrumb","itemListElement":[{"@type":"ListItem","position":1,"name":"Home","item":"https:\/\/orbiampuigimmobiliaria.cat\/es\/"},{"@type":"ListItem","position":2,"name":"Servicios Jur\u00eddicos"}]},{"@type":"WebSite","@id":"https:\/\/orbiampuigimmobiliaria.cat\/#website","url":"https:\/\/orbiampuigimmobiliaria.cat\/","name":"Orbiam Immobili\u00e0ria","description":"","potentialAction":[{"@type":"SearchAction","target":{"@type":"EntryPoint","urlTemplate":"https:\/\/orbiampuigimmobiliaria.cat\/?s={search_term_string}"},"query-input":{"@type":"PropertyValueSpecification","valueRequired":true,"valueName":"search_term_string"}}],"inLanguage":"es"}]}},"_links":{"self":[{"href":"https:\/\/orbiampuigimmobiliaria.cat\/es\/wp-json\/wp\/v2\/pages\/4062","targetHints":{"allow":["GET"]}}],"collection":[{"href":"https:\/\/orbiampuigimmobiliaria.cat\/es\/wp-json\/wp\/v2\/pages"}],"about":[{"href":"https:\/\/orbiampuigimmobiliaria.cat\/es\/wp-json\/wp\/v2\/types\/page"}],"author":[{"embeddable":true,"href":"https:\/\/orbiampuigimmobiliaria.cat\/es\/wp-json\/wp\/v2\/users\/1"}],"replies":[{"embeddable":true,"href":"https:\/\/orbiampuigimmobiliaria.cat\/es\/wp-json\/wp\/v2\/comments?post=4062"}],"version-history":[{"count":16,"href":"https:\/\/orbiampuigimmobiliaria.cat\/es\/wp-json\/wp\/v2\/pages\/4062\/revisions"}],"predecessor-version":[{"id":5616,"href":"https:\/\/orbiampuigimmobiliaria.cat\/es\/wp-json\/wp\/v2\/pages\/4062\/revisions\/5616"}],"wp:attachment":[{"href":"https:\/\/orbiampuigimmobiliaria.cat\/es\/wp-json\/wp\/v2\/media?parent=4062"}],"curies":[{"name":"wp","href":"https:\/\/api.w.org\/{rel}","templated":true}]}}