{"id":4056,"date":"2022-10-11T12:26:08","date_gmt":"2022-10-11T10:26:08","guid":{"rendered":"https:\/\/orbiampuigimmobiliaria.cat\/?page_id=4056"},"modified":"2022-11-08T14:15:01","modified_gmt":"2022-11-08T13:15:01","slug":"servicios-administrativos","status":"publish","type":"page","link":"https:\/\/orbiampuigimmobiliaria.cat\/es\/servicios-administrativos\/","title":{"rendered":"Servicios Administrativos"},"content":{"rendered":"\t\t<div data-elementor-type=\"wp-page\" data-elementor-id=\"4056\" class=\"elementor elementor-4056\">\n\t\t\t\t\t\t<section class=\"elementor-section elementor-top-section elementor-element elementor-element-a1ca76e elementor-section-stretched brand-header-white elementor-section-boxed elementor-section-height-default elementor-section-height-default\" data-id=\"a1ca76e\" data-element_type=\"section\" data-e-type=\"section\" data-settings=\"{&quot;stretch_section&quot;:&quot;section-stretched&quot;,&quot;background_background&quot;:&quot;classic&quot;}\">\n\t\t\t\t\t\t<div class=\"elementor-container elementor-column-gap-default\">\n\t\t\t\t\t<div class=\"elementor-column elementor-col-50 elementor-top-column elementor-element elementor-element-b2e82bd\" data-id=\"b2e82bd\" data-element_type=\"column\" data-e-type=\"column\">\n\t\t\t<div class=\"elementor-widget-wrap elementor-element-populated\">\n\t\t\t\t\t\t<div class=\"elementor-element elementor-element-97926d7 elementor-widget elementor-widget-heading\" data-id=\"97926d7\" data-element_type=\"widget\" data-e-type=\"widget\" data-widget_type=\"heading.default\">\n\t\t\t\t<div class=\"elementor-widget-container\">\n\t\t\t\t\t<h1 class=\"elementor-heading-title elementor-size-default\">SERVICIOS ADMINISTRATIVOS  <\/h1>\t\t\t\t<\/div>\n\t\t\t\t<\/div>\n\t\t\t\t<div class=\"elementor-element elementor-element-3c1c750 elementor-widget elementor-widget-text-editor\" data-id=\"3c1c750\" data-element_type=\"widget\" data-e-type=\"widget\" data-widget_type=\"text-editor.default\">\n\t\t\t\t<div class=\"elementor-widget-container\">\n\t\t\t\t\t\t\t\t\t<p>Los <strong>profesionales administrativos inmobiliarios<\/strong> de <strong>ORBIAM PUIG INMOBILIARIA <\/strong>est\u00e1n plenamente formados para operar en un mercado que, d\u00eda a d\u00eda, exige nuevas f\u00f3rmulas en <strong>compra y venta de inmuebles.<\/strong><\/p>\t\t\t\t\t\t\t\t<\/div>\n\t\t\t\t<\/div>\n\t\t\t\t<div class=\"elementor-element elementor-element-4145fae elementor-align-left elementor-mobile-align-center elementor-widget elementor-widget-button\" data-id=\"4145fae\" data-element_type=\"widget\" data-e-type=\"widget\" data-widget_type=\"button.default\">\n\t\t\t\t<div class=\"elementor-widget-container\">\n\t\t\t\t\t\t\t\t\t<div class=\"elementor-button-wrapper\">\n\t\t\t\t\t<a class=\"elementor-button elementor-button-link elementor-size-sm\" href=\"\/contactar\/\">\n\t\t\t\t\t\t<span class=\"elementor-button-content-wrapper\">\n\t\t\t\t\t\t\t\t\t<span class=\"elementor-button-text\">Contactar<\/span>\n\t\t\t\t\t<\/span>\n\t\t\t\t\t<\/a>\n\t\t\t\t<\/div>\n\t\t\t\t\t\t\t\t<\/div>\n\t\t\t\t<\/div>\n\t\t\t\t\t<\/div>\n\t\t<\/div>\n\t\t\t\t<div class=\"elementor-column elementor-col-50 elementor-top-column elementor-element elementor-element-3a4cbcd\" data-id=\"3a4cbcd\" data-element_type=\"column\" data-e-type=\"column\">\n\t\t\t<div class=\"elementor-widget-wrap\">\n\t\t\t\t\t\t\t<\/div>\n\t\t<\/div>\n\t\t\t\t\t<\/div>\n\t\t<\/section>\n\t\t\t\t<section class=\"elementor-section elementor-top-section elementor-element elementor-element-4d9d4a48 elementor-section-stretched elementor-section-boxed elementor-section-height-default elementor-section-height-default\" data-id=\"4d9d4a48\" data-element_type=\"section\" data-e-type=\"section\" data-settings=\"{&quot;stretch_section&quot;:&quot;section-stretched&quot;}\">\n\t\t\t\t\t\t<div class=\"elementor-container elementor-column-gap-default\">\n\t\t\t\t\t<div class=\"elementor-column elementor-col-100 elementor-top-column elementor-element elementor-element-5f89c06b\" data-id=\"5f89c06b\" data-element_type=\"column\" data-e-type=\"column\">\n\t\t\t<div class=\"elementor-widget-wrap elementor-element-populated\">\n\t\t\t\t\t\t<div class=\"elementor-element elementor-element-1f6fb22c elementor-widget elementor-widget-spacer\" data-id=\"1f6fb22c\" data-element_type=\"widget\" data-e-type=\"widget\" data-widget_type=\"spacer.default\">\n\t\t\t\t<div class=\"elementor-widget-container\">\n\t\t\t\t\t\t\t<div class=\"elementor-spacer\">\n\t\t\t<div class=\"elementor-spacer-inner\"><\/div>\n\t\t<\/div>\n\t\t\t\t\t\t<\/div>\n\t\t\t\t<\/div>\n\t\t\t\t<div class=\"elementor-element elementor-element-6f7a80cb elementor-widget elementor-widget-text-editor\" data-id=\"6f7a80cb\" data-element_type=\"widget\" data-e-type=\"widget\" data-widget_type=\"text-editor.default\">\n\t\t\t\t<div class=\"elementor-widget-container\">\n\t\t\t\t\t\t\t\t\t<p>En <strong>ORBIAM PUIG INMOBILIARIA <\/strong>brindamos a cada uno de nuestros clientes soluciones y facilidades para la <strong>adquisici\u00f3n de todo tipo de inmuebles<\/strong>, encarg\u00e1ndonos de programar, organizar y controlar todos los aspectos humanos, financieros y materiales.<\/p>\t\t\t\t\t\t\t\t<\/div>\n\t\t\t\t<\/div>\n\t\t\t\t<section class=\"elementor-section elementor-inner-section elementor-element elementor-element-731bbcf elementor-reverse-mobile elementor-section-boxed elementor-section-height-default elementor-section-height-default\" data-id=\"731bbcf\" data-element_type=\"section\" data-e-type=\"section\">\n\t\t\t\t\t\t<div class=\"elementor-container elementor-column-gap-default\">\n\t\t\t\t\t<div class=\"elementor-column elementor-col-50 elementor-inner-column elementor-element elementor-element-7aca526\" data-id=\"7aca526\" data-element_type=\"column\" data-e-type=\"column\">\n\t\t\t<div class=\"elementor-widget-wrap elementor-element-populated\">\n\t\t\t\t\t\t<div class=\"elementor-element elementor-element-cd876af elementor-widget elementor-widget-image\" data-id=\"cd876af\" data-element_type=\"widget\" data-e-type=\"widget\" data-widget_type=\"image.default\">\n\t\t\t\t<div class=\"elementor-widget-container\">\n\t\t\t\t\t\t\t\t\t\t\t\t\t\t\t<img fetchpriority=\"high\" decoding=\"async\" width=\"768\" height=\"512\" src=\"https:\/\/orbiampuigimmobiliaria.cat\/wp-content\/uploads\/2022\/11\/servicios_inmobiliarios_01.jpg\" class=\"attachment-large size-large wp-image-5551\" alt=\"\" srcset=\"https:\/\/orbiampuigimmobiliaria.cat\/wp-content\/uploads\/2022\/11\/servicios_inmobiliarios_01.jpg 768w, https:\/\/orbiampuigimmobiliaria.cat\/wp-content\/uploads\/2022\/11\/servicios_inmobiliarios_01-300x200.jpg 300w\" sizes=\"(max-width: 768px) 100vw, 768px\" \/>\t\t\t\t\t\t\t\t\t\t\t\t\t\t\t<\/div>\n\t\t\t\t<\/div>\n\t\t\t\t\t<\/div>\n\t\t<\/div>\n\t\t\t\t<div class=\"elementor-column elementor-col-50 elementor-inner-column elementor-element elementor-element-df54a4f\" data-id=\"df54a4f\" data-element_type=\"column\" data-e-type=\"column\" data-settings=\"{&quot;background_background&quot;:&quot;classic&quot;}\">\n\t\t\t<div class=\"elementor-widget-wrap elementor-element-populated\">\n\t\t\t\t\t\t<div class=\"elementor-element elementor-element-53aa97d elementor-widget elementor-widget-heading\" data-id=\"53aa97d\" data-element_type=\"widget\" data-e-type=\"widget\" data-widget_type=\"heading.default\">\n\t\t\t\t<div class=\"elementor-widget-container\">\n\t\t\t\t\t<h2 class=\"elementor-heading-title elementor-size-default\">Acompa\u00f1amos y asesoramos al cliente en todo tipo de Servicios Administrativos:<\/h2>\t\t\t\t<\/div>\n\t\t\t\t<\/div>\n\t\t\t\t<div class=\"elementor-element elementor-element-c807621 elementor-widget elementor-widget-text-editor\" data-id=\"c807621\" data-element_type=\"widget\" data-e-type=\"widget\" data-widget_type=\"text-editor.default\">\n\t\t\t\t<div class=\"elementor-widget-container\">\n\t\t\t\t\t\t\t\t\t<ul><li>Gesti\u00f3n Hipotecaria<\/li><li>Gestiones con Financieras<\/li><li>Gesti\u00f3n de Incidencias<\/li><li>Seguros por impagos<\/li><li>Notaria y Gestor\u00eda<\/li><li>Seguros Generales de todo tipo<\/li><li>Adquisiciones\u2026<\/li><\/ul>\t\t\t\t\t\t\t\t<\/div>\n\t\t\t\t<\/div>\n\t\t\t\t\t<\/div>\n\t\t<\/div>\n\t\t\t\t\t<\/div>\n\t\t<\/section>\n\t\t\t\t\t<\/div>\n\t\t<\/div>\n\t\t\t\t\t<\/div>\n\t\t<\/section>\n\t\t\t\t<\/div>\n\t\t","protected":false},"excerpt":{"rendered":"<p>SERVICIOS ADMINISTRATIVOS Los profesionales administrativos inmobiliarios de ORBIAM PUIG INMOBILIARIA est\u00e1n plenamente formados para operar en un mercado que, d\u00eda a d\u00eda, exige nuevas f\u00f3rmulas en compra y venta de inmuebles. Contactar En ORBIAM PUIG INMOBILIARIA brindamos a cada uno de nuestros clientes soluciones y facilidades para la adquisici\u00f3n de todo tipo de inmuebles, encarg\u00e1ndonos&hellip;<\/p>\n","protected":false},"author":1,"featured_media":0,"parent":0,"menu_order":0,"comment_status":"closed","ping_status":"closed","template":"","meta":{"_acf_changed":false,"footnotes":""},"class_list":{"2":"type-page","4":"hentry"},"acf":[],"yoast_head":"<!-- This site is optimized with the Yoast SEO plugin v27.0 - https:\/\/yoast.com\/product\/yoast-seo-wordpress\/ -->\n<title>Servicios Administrativos - Orbiam Immobili\u00e0ria<\/title>\n<meta name=\"robots\" content=\"index, follow, max-snippet:-1, max-image-preview:large, max-video-preview:-1\" \/>\n<link rel=\"canonical\" href=\"https:\/\/orbiampuigimmobiliaria.cat\/es\/servicios-administrativos\/\" \/>\n<meta property=\"og:locale\" content=\"es_ES\" \/>\n<meta property=\"og:type\" content=\"article\" \/>\n<meta property=\"og:title\" content=\"Servicios Administrativos - Orbiam Immobili\u00e0ria\" \/>\n<meta property=\"og:description\" content=\"SERVICIOS ADMINISTRATIVOS Los profesionales administrativos inmobiliarios de ORBIAM PUIG INMOBILIARIA est\u00e1n plenamente formados para operar en un mercado que, d\u00eda a d\u00eda, exige nuevas f\u00f3rmulas en compra y venta de inmuebles. Contactar En ORBIAM PUIG INMOBILIARIA brindamos a cada uno de nuestros clientes soluciones y facilidades para la adquisici\u00f3n de todo tipo de inmuebles, encarg\u00e1ndonos&hellip;\" \/>\n<meta property=\"og:url\" content=\"https:\/\/orbiampuigimmobiliaria.cat\/es\/servicios-administrativos\/\" \/>\n<meta property=\"og:site_name\" content=\"Orbiam Immobili\u00e0ria\" \/>\n<meta property=\"article:modified_time\" content=\"2022-11-08T13:15:01+00:00\" \/>\n<meta property=\"og:image\" content=\"https:\/\/orbiampuigimmobiliaria.cat\/wp-content\/uploads\/2022\/11\/servicios_inmobiliarios_01.jpg\" \/>\n<meta name=\"twitter:card\" content=\"summary_large_image\" \/>\n<meta name=\"twitter:label1\" content=\"Tiempo de lectura\" \/>\n\t<meta name=\"twitter:data1\" content=\"1 minuto\" \/>\n<script type=\"application\/ld+json\" class=\"yoast-schema-graph\">{\"@context\":\"https:\/\/schema.org\",\"@graph\":[{\"@type\":\"WebPage\",\"@id\":\"https:\/\/orbiampuigimmobiliaria.cat\/es\/servicios-administrativos\/\",\"url\":\"https:\/\/orbiampuigimmobiliaria.cat\/es\/servicios-administrativos\/\",\"name\":\"Servicios Administrativos - Orbiam Immobili\u00e0ria\",\"isPartOf\":{\"@id\":\"https:\/\/orbiampuigimmobiliaria.cat\/#website\"},\"primaryImageOfPage\":{\"@id\":\"https:\/\/orbiampuigimmobiliaria.cat\/es\/servicios-administrativos\/#primaryimage\"},\"image\":{\"@id\":\"https:\/\/orbiampuigimmobiliaria.cat\/es\/servicios-administrativos\/#primaryimage\"},\"thumbnailUrl\":\"https:\/\/orbiampuigimmobiliaria.cat\/wp-content\/uploads\/2022\/11\/servicios_inmobiliarios_01.jpg\",\"datePublished\":\"2022-10-11T10:26:08+00:00\",\"dateModified\":\"2022-11-08T13:15:01+00:00\",\"breadcrumb\":{\"@id\":\"https:\/\/orbiampuigimmobiliaria.cat\/es\/servicios-administrativos\/#breadcrumb\"},\"inLanguage\":\"es\",\"potentialAction\":[{\"@type\":\"ReadAction\",\"target\":[\"https:\/\/orbiampuigimmobiliaria.cat\/es\/servicios-administrativos\/\"]}]},{\"@type\":\"ImageObject\",\"inLanguage\":\"es\",\"@id\":\"https:\/\/orbiampuigimmobiliaria.cat\/es\/servicios-administrativos\/#primaryimage\",\"url\":\"https:\/\/orbiampuigimmobiliaria.cat\/wp-content\/uploads\/2022\/11\/servicios_inmobiliarios_01.jpg\",\"contentUrl\":\"https:\/\/orbiampuigimmobiliaria.cat\/wp-content\/uploads\/2022\/11\/servicios_inmobiliarios_01.jpg\"},{\"@type\":\"BreadcrumbList\",\"@id\":\"https:\/\/orbiampuigimmobiliaria.cat\/es\/servicios-administrativos\/#breadcrumb\",\"itemListElement\":[{\"@type\":\"ListItem\",\"position\":1,\"name\":\"Home\",\"item\":\"https:\/\/orbiampuigimmobiliaria.cat\/es\/\"},{\"@type\":\"ListItem\",\"position\":2,\"name\":\"Servicios Administrativos\"}]},{\"@type\":\"WebSite\",\"@id\":\"https:\/\/orbiampuigimmobiliaria.cat\/#website\",\"url\":\"https:\/\/orbiampuigimmobiliaria.cat\/\",\"name\":\"Orbiam Immobili\u00e0ria\",\"description\":\"\",\"potentialAction\":[{\"@type\":\"SearchAction\",\"target\":{\"@type\":\"EntryPoint\",\"urlTemplate\":\"https:\/\/orbiampuigimmobiliaria.cat\/?s={search_term_string}\"},\"query-input\":{\"@type\":\"PropertyValueSpecification\",\"valueRequired\":true,\"valueName\":\"search_term_string\"}}],\"inLanguage\":\"es\"}]}<\/script>\n<!-- \/ Yoast SEO plugin. -->","yoast_head_json":{"title":"Servicios Administrativos - Orbiam Immobili\u00e0ria","robots":{"index":"index","follow":"follow","max-snippet":"max-snippet:-1","max-image-preview":"max-image-preview:large","max-video-preview":"max-video-preview:-1"},"canonical":"https:\/\/orbiampuigimmobiliaria.cat\/es\/servicios-administrativos\/","og_locale":"es_ES","og_type":"article","og_title":"Servicios Administrativos - Orbiam Immobili\u00e0ria","og_description":"SERVICIOS ADMINISTRATIVOS Los profesionales administrativos inmobiliarios de ORBIAM PUIG INMOBILIARIA est\u00e1n plenamente formados para operar en un mercado que, d\u00eda a d\u00eda, exige nuevas f\u00f3rmulas en compra y venta de inmuebles. Contactar En ORBIAM PUIG INMOBILIARIA brindamos a cada uno de nuestros clientes soluciones y facilidades para la adquisici\u00f3n de todo tipo de inmuebles, encarg\u00e1ndonos&hellip;","og_url":"https:\/\/orbiampuigimmobiliaria.cat\/es\/servicios-administrativos\/","og_site_name":"Orbiam Immobili\u00e0ria","article_modified_time":"2022-11-08T13:15:01+00:00","og_image":[{"url":"https:\/\/orbiampuigimmobiliaria.cat\/wp-content\/uploads\/2022\/11\/servicios_inmobiliarios_01.jpg","type":"","width":"","height":""}],"twitter_card":"summary_large_image","twitter_misc":{"Tiempo de lectura":"1 minuto"},"schema":{"@context":"https:\/\/schema.org","@graph":[{"@type":"WebPage","@id":"https:\/\/orbiampuigimmobiliaria.cat\/es\/servicios-administrativos\/","url":"https:\/\/orbiampuigimmobiliaria.cat\/es\/servicios-administrativos\/","name":"Servicios Administrativos - Orbiam Immobili\u00e0ria","isPartOf":{"@id":"https:\/\/orbiampuigimmobiliaria.cat\/#website"},"primaryImageOfPage":{"@id":"https:\/\/orbiampuigimmobiliaria.cat\/es\/servicios-administrativos\/#primaryimage"},"image":{"@id":"https:\/\/orbiampuigimmobiliaria.cat\/es\/servicios-administrativos\/#primaryimage"},"thumbnailUrl":"https:\/\/orbiampuigimmobiliaria.cat\/wp-content\/uploads\/2022\/11\/servicios_inmobiliarios_01.jpg","datePublished":"2022-10-11T10:26:08+00:00","dateModified":"2022-11-08T13:15:01+00:00","breadcrumb":{"@id":"https:\/\/orbiampuigimmobiliaria.cat\/es\/servicios-administrativos\/#breadcrumb"},"inLanguage":"es","potentialAction":[{"@type":"ReadAction","target":["https:\/\/orbiampuigimmobiliaria.cat\/es\/servicios-administrativos\/"]}]},{"@type":"ImageObject","inLanguage":"es","@id":"https:\/\/orbiampuigimmobiliaria.cat\/es\/servicios-administrativos\/#primaryimage","url":"https:\/\/orbiampuigimmobiliaria.cat\/wp-content\/uploads\/2022\/11\/servicios_inmobiliarios_01.jpg","contentUrl":"https:\/\/orbiampuigimmobiliaria.cat\/wp-content\/uploads\/2022\/11\/servicios_inmobiliarios_01.jpg"},{"@type":"BreadcrumbList","@id":"https:\/\/orbiampuigimmobiliaria.cat\/es\/servicios-administrativos\/#breadcrumb","itemListElement":[{"@type":"ListItem","position":1,"name":"Home","item":"https:\/\/orbiampuigimmobiliaria.cat\/es\/"},{"@type":"ListItem","position":2,"name":"Servicios Administrativos"}]},{"@type":"WebSite","@id":"https:\/\/orbiampuigimmobiliaria.cat\/#website","url":"https:\/\/orbiampuigimmobiliaria.cat\/","name":"Orbiam Immobili\u00e0ria","description":"","potentialAction":[{"@type":"SearchAction","target":{"@type":"EntryPoint","urlTemplate":"https:\/\/orbiampuigimmobiliaria.cat\/?s={search_term_string}"},"query-input":{"@type":"PropertyValueSpecification","valueRequired":true,"valueName":"search_term_string"}}],"inLanguage":"es"}]}},"_links":{"self":[{"href":"https:\/\/orbiampuigimmobiliaria.cat\/es\/wp-json\/wp\/v2\/pages\/4056","targetHints":{"allow":["GET"]}}],"collection":[{"href":"https:\/\/orbiampuigimmobiliaria.cat\/es\/wp-json\/wp\/v2\/pages"}],"about":[{"href":"https:\/\/orbiampuigimmobiliaria.cat\/es\/wp-json\/wp\/v2\/types\/page"}],"author":[{"embeddable":true,"href":"https:\/\/orbiampuigimmobiliaria.cat\/es\/wp-json\/wp\/v2\/users\/1"}],"replies":[{"embeddable":true,"href":"https:\/\/orbiampuigimmobiliaria.cat\/es\/wp-json\/wp\/v2\/comments?post=4056"}],"version-history":[{"count":17,"href":"https:\/\/orbiampuigimmobiliaria.cat\/es\/wp-json\/wp\/v2\/pages\/4056\/revisions"}],"predecessor-version":[{"id":5610,"href":"https:\/\/orbiampuigimmobiliaria.cat\/es\/wp-json\/wp\/v2\/pages\/4056\/revisions\/5610"}],"wp:attachment":[{"href":"https:\/\/orbiampuigimmobiliaria.cat\/es\/wp-json\/wp\/v2\/media?parent=4056"}],"curies":[{"name":"wp","href":"https:\/\/api.w.org\/{rel}","templated":true}]}}