{"id":3969,"date":"2022-10-11T10:41:16","date_gmt":"2022-10-11T08:41:16","guid":{"rendered":"https:\/\/orbiampuigimmobiliaria.cat\/?page_id=3969"},"modified":"2022-11-08T14:14:42","modified_gmt":"2022-11-08T13:14:42","slug":"servicios-inmobiliarios","status":"publish","type":"page","link":"https:\/\/orbiampuigimmobiliaria.cat\/es\/servicios-inmobiliarios\/","title":{"rendered":"Servicios Inmobiliarios"},"content":{"rendered":"\t\t<div data-elementor-type=\"wp-page\" data-elementor-id=\"3969\" class=\"elementor elementor-3969\">\n\t\t\t\t\t\t<section class=\"elementor-section elementor-top-section elementor-element elementor-element-a1ca76e elementor-section-stretched brand-header-white elementor-section-boxed elementor-section-height-default elementor-section-height-default\" data-id=\"a1ca76e\" data-element_type=\"section\" data-e-type=\"section\" data-settings=\"{&quot;stretch_section&quot;:&quot;section-stretched&quot;,&quot;background_background&quot;:&quot;classic&quot;}\">\n\t\t\t\t\t\t<div class=\"elementor-container elementor-column-gap-default\">\n\t\t\t\t\t<div class=\"elementor-column elementor-col-50 elementor-top-column elementor-element elementor-element-b2e82bd\" data-id=\"b2e82bd\" data-element_type=\"column\" data-e-type=\"column\">\n\t\t\t<div class=\"elementor-widget-wrap elementor-element-populated\">\n\t\t\t\t\t\t<div class=\"elementor-element elementor-element-97926d7 elementor-widget elementor-widget-heading\" data-id=\"97926d7\" data-element_type=\"widget\" data-e-type=\"widget\" data-widget_type=\"heading.default\">\n\t\t\t\t<div class=\"elementor-widget-container\">\n\t\t\t\t\t<h1 class=\"elementor-heading-title elementor-size-default\">SERVICIOS INMOBILIARIOS <\/h1>\t\t\t\t<\/div>\n\t\t\t\t<\/div>\n\t\t\t\t<div class=\"elementor-element elementor-element-3c1c750 elementor-widget elementor-widget-text-editor\" data-id=\"3c1c750\" data-element_type=\"widget\" data-e-type=\"widget\" data-widget_type=\"text-editor.default\">\n\t\t\t\t<div class=\"elementor-widget-container\">\n\t\t\t\t\t\t\t\t\t<p>Los agentes inmobiliarios de <strong>ORBIAM PUIG INMOBILIARIA <\/strong>facilitan las transacciones entre las partes implicadas en la <strong>compraventa o alquiler de un inmueble<\/strong>, asesorando sobre cu\u00e1l es la <strong>vivienda o espacio<\/strong> m\u00e1s adecuado para cada usuario.<\/p>\t\t\t\t\t\t\t\t<\/div>\n\t\t\t\t<\/div>\n\t\t\t\t<div class=\"elementor-element elementor-element-4145fae elementor-align-left elementor-mobile-align-center elementor-widget elementor-widget-button\" data-id=\"4145fae\" data-element_type=\"widget\" data-e-type=\"widget\" data-widget_type=\"button.default\">\n\t\t\t\t<div class=\"elementor-widget-container\">\n\t\t\t\t\t\t\t\t\t<div class=\"elementor-button-wrapper\">\n\t\t\t\t\t<a class=\"elementor-button elementor-button-link elementor-size-sm\" href=\"\/contactar\/\">\n\t\t\t\t\t\t<span class=\"elementor-button-content-wrapper\">\n\t\t\t\t\t\t\t\t\t<span class=\"elementor-button-text\">Contactar<\/span>\n\t\t\t\t\t<\/span>\n\t\t\t\t\t<\/a>\n\t\t\t\t<\/div>\n\t\t\t\t\t\t\t\t<\/div>\n\t\t\t\t<\/div>\n\t\t\t\t\t<\/div>\n\t\t<\/div>\n\t\t\t\t<div class=\"elementor-column elementor-col-50 elementor-top-column elementor-element elementor-element-3a4cbcd\" data-id=\"3a4cbcd\" data-element_type=\"column\" data-e-type=\"column\">\n\t\t\t<div class=\"elementor-widget-wrap\">\n\t\t\t\t\t\t\t<\/div>\n\t\t<\/div>\n\t\t\t\t\t<\/div>\n\t\t<\/section>\n\t\t\t\t<section class=\"elementor-section elementor-top-section elementor-element elementor-element-4d9d4a48 elementor-section-stretched elementor-section-boxed elementor-section-height-default elementor-section-height-default\" data-id=\"4d9d4a48\" data-element_type=\"section\" data-e-type=\"section\" data-settings=\"{&quot;stretch_section&quot;:&quot;section-stretched&quot;}\">\n\t\t\t\t\t\t<div class=\"elementor-container elementor-column-gap-default\">\n\t\t\t\t\t<div class=\"elementor-column elementor-col-100 elementor-top-column elementor-element elementor-element-5f89c06b\" data-id=\"5f89c06b\" data-element_type=\"column\" data-e-type=\"column\">\n\t\t\t<div class=\"elementor-widget-wrap elementor-element-populated\">\n\t\t\t\t\t\t<div class=\"elementor-element elementor-element-1f6fb22c elementor-widget elementor-widget-spacer\" data-id=\"1f6fb22c\" data-element_type=\"widget\" data-e-type=\"widget\" data-widget_type=\"spacer.default\">\n\t\t\t\t<div class=\"elementor-widget-container\">\n\t\t\t\t\t\t\t<div class=\"elementor-spacer\">\n\t\t\t<div class=\"elementor-spacer-inner\"><\/div>\n\t\t<\/div>\n\t\t\t\t\t\t<\/div>\n\t\t\t\t<\/div>\n\t\t\t\t<div class=\"elementor-element elementor-element-67a8b6e3 elementor-widget elementor-widget-text-editor\" data-id=\"67a8b6e3\" data-element_type=\"widget\" data-e-type=\"widget\" data-widget_type=\"text-editor.default\">\n\t\t\t\t<div class=\"elementor-widget-container\">\n\t\t\t\t\t\t\t\t\t<p>Somos tu Personal Shopper<\/p>\t\t\t\t\t\t\t\t<\/div>\n\t\t\t\t<\/div>\n\t\t\t\t<div class=\"elementor-element elementor-element-6f7a80cb elementor-widget elementor-widget-text-editor\" data-id=\"6f7a80cb\" data-element_type=\"widget\" data-e-type=\"widget\" data-widget_type=\"text-editor.default\">\n\t\t\t\t<div class=\"elementor-widget-container\">\n\t\t\t\t\t\t\t\t\t<p>Te acompa\u00f1amos en todo el proceso de <strong>adquisici\u00f3n o venta de cualquier activo inmobiliario<\/strong> (<strong>vivienda, 2\u00aa vivienda, local comercial, oficina<\/strong>\u2026), analizando, buscando, negociando y consiguiendo siempre la mejor opci\u00f3n para el cliente.<\/p>\t\t\t\t\t\t\t\t<\/div>\n\t\t\t\t<\/div>\n\t\t\t\t<section class=\"elementor-section elementor-inner-section elementor-element elementor-element-731bbcf elementor-reverse-mobile elementor-section-boxed elementor-section-height-default elementor-section-height-default\" data-id=\"731bbcf\" data-element_type=\"section\" data-e-type=\"section\">\n\t\t\t\t\t\t<div class=\"elementor-container elementor-column-gap-default\">\n\t\t\t\t\t<div class=\"elementor-column elementor-col-50 elementor-inner-column elementor-element elementor-element-7aca526\" data-id=\"7aca526\" data-element_type=\"column\" data-e-type=\"column\">\n\t\t\t<div class=\"elementor-widget-wrap elementor-element-populated\">\n\t\t\t\t\t\t<div class=\"elementor-element elementor-element-cd876af elementor-widget elementor-widget-image\" data-id=\"cd876af\" data-element_type=\"widget\" data-e-type=\"widget\" data-widget_type=\"image.default\">\n\t\t\t\t<div class=\"elementor-widget-container\">\n\t\t\t\t\t\t\t\t\t\t\t\t\t\t\t<img fetchpriority=\"high\" decoding=\"async\" width=\"768\" height=\"512\" src=\"https:\/\/orbiampuigimmobiliaria.cat\/wp-content\/uploads\/2022\/10\/orbiam_inmobiliaria_00-1024x683.jpg\" class=\"attachment-large size-large wp-image-3979\" alt=\"\" srcset=\"https:\/\/orbiampuigimmobiliaria.cat\/wp-content\/uploads\/2022\/10\/orbiam_inmobiliaria_00-1024x683.jpg 1024w, https:\/\/orbiampuigimmobiliaria.cat\/wp-content\/uploads\/2022\/10\/orbiam_inmobiliaria_00-300x200.jpg 300w, https:\/\/orbiampuigimmobiliaria.cat\/wp-content\/uploads\/2022\/10\/orbiam_inmobiliaria_00-768x512.jpg 768w, https:\/\/orbiampuigimmobiliaria.cat\/wp-content\/uploads\/2022\/10\/orbiam_inmobiliaria_00.jpg 1200w\" sizes=\"(max-width: 768px) 100vw, 768px\" \/>\t\t\t\t\t\t\t\t\t\t\t\t\t\t\t<\/div>\n\t\t\t\t<\/div>\n\t\t\t\t\t<\/div>\n\t\t<\/div>\n\t\t\t\t<div class=\"elementor-column elementor-col-50 elementor-inner-column elementor-element elementor-element-df54a4f\" data-id=\"df54a4f\" data-element_type=\"column\" data-e-type=\"column\" data-settings=\"{&quot;background_background&quot;:&quot;classic&quot;}\">\n\t\t\t<div class=\"elementor-widget-wrap elementor-element-populated\">\n\t\t\t\t\t\t<div class=\"elementor-element elementor-element-53aa97d elementor-widget elementor-widget-heading\" data-id=\"53aa97d\" data-element_type=\"widget\" data-e-type=\"widget\" data-widget_type=\"heading.default\">\n\t\t\t\t<div class=\"elementor-widget-container\">\n\t\t\t\t\t<h2 class=\"elementor-heading-title elementor-size-default\">Ahorra tiempo, problemas y dinero con Nuestros Servicios Inmobiliarios:<\/h2>\t\t\t\t<\/div>\n\t\t\t\t<\/div>\n\t\t\t\t<div class=\"elementor-element elementor-element-c807621 elementor-widget elementor-widget-text-editor\" data-id=\"c807621\" data-element_type=\"widget\" data-e-type=\"widget\" data-widget_type=\"text-editor.default\">\n\t\t\t\t<div class=\"elementor-widget-container\">\n\t\t\t\t\t\t\t\t\t<ul>\n \t<li>Asesor\u00eda Inmobiliaria<\/li>\n \t<li>Compra-Venta<\/li>\n \t<li>Alquiler<\/li>\n \t<li>Administraci\u00f3n de Alquileres<\/li>\n \t<li>Portales\u00a0Inmobiliarios en Internet<\/li>\n \t<li>Rehabilitaci\u00f3n Integral o Parcial<\/li>\n \t<li>Valoraciones Comerciales<\/li>\n \t<li>Tasaciones<\/li>\n \t<li>Compra de inmuebles<\/li>\n \t<li>C\u00e9dulas y certificados energ\u00e9ticos<\/li>\n<\/ul>\t\t\t\t\t\t\t\t<\/div>\n\t\t\t\t<\/div>\n\t\t\t\t\t<\/div>\n\t\t<\/div>\n\t\t\t\t\t<\/div>\n\t\t<\/section>\n\t\t\t\t\t<\/div>\n\t\t<\/div>\n\t\t\t\t\t<\/div>\n\t\t<\/section>\n\t\t\t\t<\/div>\n\t\t","protected":false},"excerpt":{"rendered":"<p>SERVICIOS INMOBILIARIOS Los agentes inmobiliarios de ORBIAM PUIG INMOBILIARIA facilitan las transacciones entre las partes implicadas en la compraventa o alquiler de un inmueble, asesorando sobre cu\u00e1l es la vivienda o espacio m\u00e1s adecuado para cada usuario. Contactar Somos tu Personal Shopper Te acompa\u00f1amos en todo el proceso de adquisici\u00f3n o venta de cualquier activo&hellip;<\/p>\n","protected":false},"author":1,"featured_media":0,"parent":0,"menu_order":0,"comment_status":"closed","ping_status":"closed","template":"","meta":{"_acf_changed":false,"footnotes":""},"class_list":{"2":"type-page","4":"hentry"},"acf":[],"yoast_head":"<!-- This site is optimized with the Yoast SEO plugin v27.0 - https:\/\/yoast.com\/product\/yoast-seo-wordpress\/ -->\n<title>Servicios Inmobiliarios - Orbiam Immobili\u00e0ria<\/title>\n<meta name=\"robots\" content=\"index, follow, max-snippet:-1, max-image-preview:large, max-video-preview:-1\" \/>\n<link rel=\"canonical\" href=\"https:\/\/orbiampuigimmobiliaria.cat\/es\/servicios-inmobiliarios\/\" \/>\n<meta property=\"og:locale\" content=\"es_ES\" \/>\n<meta property=\"og:type\" content=\"article\" \/>\n<meta property=\"og:title\" content=\"Servicios Inmobiliarios - Orbiam Immobili\u00e0ria\" \/>\n<meta property=\"og:description\" content=\"SERVICIOS INMOBILIARIOS Los agentes inmobiliarios de ORBIAM PUIG INMOBILIARIA facilitan las transacciones entre las partes implicadas en la compraventa o alquiler de un inmueble, asesorando sobre cu\u00e1l es la vivienda o espacio m\u00e1s adecuado para cada usuario. Contactar Somos tu Personal Shopper Te acompa\u00f1amos en todo el proceso de adquisici\u00f3n o venta de cualquier activo&hellip;\" \/>\n<meta property=\"og:url\" content=\"https:\/\/orbiampuigimmobiliaria.cat\/es\/servicios-inmobiliarios\/\" \/>\n<meta property=\"og:site_name\" content=\"Orbiam Immobili\u00e0ria\" \/>\n<meta property=\"article:modified_time\" content=\"2022-11-08T13:14:42+00:00\" \/>\n<meta property=\"og:image\" content=\"https:\/\/orbiampuigimmobiliaria.cat\/wp-content\/uploads\/2022\/10\/orbiam_inmobiliaria_00-1024x683.jpg\" \/>\n<meta name=\"twitter:card\" content=\"summary_large_image\" \/>\n<meta name=\"twitter:label1\" content=\"Tiempo de lectura\" \/>\n\t<meta name=\"twitter:data1\" content=\"1 minuto\" \/>\n<script type=\"application\/ld+json\" class=\"yoast-schema-graph\">{\"@context\":\"https:\/\/schema.org\",\"@graph\":[{\"@type\":\"WebPage\",\"@id\":\"https:\/\/orbiampuigimmobiliaria.cat\/es\/servicios-inmobiliarios\/\",\"url\":\"https:\/\/orbiampuigimmobiliaria.cat\/es\/servicios-inmobiliarios\/\",\"name\":\"Servicios Inmobiliarios - Orbiam Immobili\u00e0ria\",\"isPartOf\":{\"@id\":\"https:\/\/orbiampuigimmobiliaria.cat\/#website\"},\"primaryImageOfPage\":{\"@id\":\"https:\/\/orbiampuigimmobiliaria.cat\/es\/servicios-inmobiliarios\/#primaryimage\"},\"image\":{\"@id\":\"https:\/\/orbiampuigimmobiliaria.cat\/es\/servicios-inmobiliarios\/#primaryimage\"},\"thumbnailUrl\":\"https:\/\/orbiampuigimmobiliaria.cat\/wp-content\/uploads\/2022\/10\/orbiam_inmobiliaria_00-1024x683.jpg\",\"datePublished\":\"2022-10-11T08:41:16+00:00\",\"dateModified\":\"2022-11-08T13:14:42+00:00\",\"breadcrumb\":{\"@id\":\"https:\/\/orbiampuigimmobiliaria.cat\/es\/servicios-inmobiliarios\/#breadcrumb\"},\"inLanguage\":\"es\",\"potentialAction\":[{\"@type\":\"ReadAction\",\"target\":[\"https:\/\/orbiampuigimmobiliaria.cat\/es\/servicios-inmobiliarios\/\"]}]},{\"@type\":\"ImageObject\",\"inLanguage\":\"es\",\"@id\":\"https:\/\/orbiampuigimmobiliaria.cat\/es\/servicios-inmobiliarios\/#primaryimage\",\"url\":\"https:\/\/orbiampuigimmobiliaria.cat\/wp-content\/uploads\/2022\/10\/orbiam_inmobiliaria_00-1024x683.jpg\",\"contentUrl\":\"https:\/\/orbiampuigimmobiliaria.cat\/wp-content\/uploads\/2022\/10\/orbiam_inmobiliaria_00-1024x683.jpg\"},{\"@type\":\"BreadcrumbList\",\"@id\":\"https:\/\/orbiampuigimmobiliaria.cat\/es\/servicios-inmobiliarios\/#breadcrumb\",\"itemListElement\":[{\"@type\":\"ListItem\",\"position\":1,\"name\":\"Home\",\"item\":\"https:\/\/orbiampuigimmobiliaria.cat\/es\/\"},{\"@type\":\"ListItem\",\"position\":2,\"name\":\"Servicios Inmobiliarios\"}]},{\"@type\":\"WebSite\",\"@id\":\"https:\/\/orbiampuigimmobiliaria.cat\/#website\",\"url\":\"https:\/\/orbiampuigimmobiliaria.cat\/\",\"name\":\"Orbiam Immobili\u00e0ria\",\"description\":\"\",\"potentialAction\":[{\"@type\":\"SearchAction\",\"target\":{\"@type\":\"EntryPoint\",\"urlTemplate\":\"https:\/\/orbiampuigimmobiliaria.cat\/?s={search_term_string}\"},\"query-input\":{\"@type\":\"PropertyValueSpecification\",\"valueRequired\":true,\"valueName\":\"search_term_string\"}}],\"inLanguage\":\"es\"}]}<\/script>\n<!-- \/ Yoast SEO plugin. -->","yoast_head_json":{"title":"Servicios Inmobiliarios - Orbiam Immobili\u00e0ria","robots":{"index":"index","follow":"follow","max-snippet":"max-snippet:-1","max-image-preview":"max-image-preview:large","max-video-preview":"max-video-preview:-1"},"canonical":"https:\/\/orbiampuigimmobiliaria.cat\/es\/servicios-inmobiliarios\/","og_locale":"es_ES","og_type":"article","og_title":"Servicios Inmobiliarios - Orbiam Immobili\u00e0ria","og_description":"SERVICIOS INMOBILIARIOS Los agentes inmobiliarios de ORBIAM PUIG INMOBILIARIA facilitan las transacciones entre las partes implicadas en la compraventa o alquiler de un inmueble, asesorando sobre cu\u00e1l es la vivienda o espacio m\u00e1s adecuado para cada usuario. Contactar Somos tu Personal Shopper Te acompa\u00f1amos en todo el proceso de adquisici\u00f3n o venta de cualquier activo&hellip;","og_url":"https:\/\/orbiampuigimmobiliaria.cat\/es\/servicios-inmobiliarios\/","og_site_name":"Orbiam Immobili\u00e0ria","article_modified_time":"2022-11-08T13:14:42+00:00","og_image":[{"url":"https:\/\/orbiampuigimmobiliaria.cat\/wp-content\/uploads\/2022\/10\/orbiam_inmobiliaria_00-1024x683.jpg","type":"","width":"","height":""}],"twitter_card":"summary_large_image","twitter_misc":{"Tiempo de lectura":"1 minuto"},"schema":{"@context":"https:\/\/schema.org","@graph":[{"@type":"WebPage","@id":"https:\/\/orbiampuigimmobiliaria.cat\/es\/servicios-inmobiliarios\/","url":"https:\/\/orbiampuigimmobiliaria.cat\/es\/servicios-inmobiliarios\/","name":"Servicios Inmobiliarios - Orbiam Immobili\u00e0ria","isPartOf":{"@id":"https:\/\/orbiampuigimmobiliaria.cat\/#website"},"primaryImageOfPage":{"@id":"https:\/\/orbiampuigimmobiliaria.cat\/es\/servicios-inmobiliarios\/#primaryimage"},"image":{"@id":"https:\/\/orbiampuigimmobiliaria.cat\/es\/servicios-inmobiliarios\/#primaryimage"},"thumbnailUrl":"https:\/\/orbiampuigimmobiliaria.cat\/wp-content\/uploads\/2022\/10\/orbiam_inmobiliaria_00-1024x683.jpg","datePublished":"2022-10-11T08:41:16+00:00","dateModified":"2022-11-08T13:14:42+00:00","breadcrumb":{"@id":"https:\/\/orbiampuigimmobiliaria.cat\/es\/servicios-inmobiliarios\/#breadcrumb"},"inLanguage":"es","potentialAction":[{"@type":"ReadAction","target":["https:\/\/orbiampuigimmobiliaria.cat\/es\/servicios-inmobiliarios\/"]}]},{"@type":"ImageObject","inLanguage":"es","@id":"https:\/\/orbiampuigimmobiliaria.cat\/es\/servicios-inmobiliarios\/#primaryimage","url":"https:\/\/orbiampuigimmobiliaria.cat\/wp-content\/uploads\/2022\/10\/orbiam_inmobiliaria_00-1024x683.jpg","contentUrl":"https:\/\/orbiampuigimmobiliaria.cat\/wp-content\/uploads\/2022\/10\/orbiam_inmobiliaria_00-1024x683.jpg"},{"@type":"BreadcrumbList","@id":"https:\/\/orbiampuigimmobiliaria.cat\/es\/servicios-inmobiliarios\/#breadcrumb","itemListElement":[{"@type":"ListItem","position":1,"name":"Home","item":"https:\/\/orbiampuigimmobiliaria.cat\/es\/"},{"@type":"ListItem","position":2,"name":"Servicios Inmobiliarios"}]},{"@type":"WebSite","@id":"https:\/\/orbiampuigimmobiliaria.cat\/#website","url":"https:\/\/orbiampuigimmobiliaria.cat\/","name":"Orbiam Immobili\u00e0ria","description":"","potentialAction":[{"@type":"SearchAction","target":{"@type":"EntryPoint","urlTemplate":"https:\/\/orbiampuigimmobiliaria.cat\/?s={search_term_string}"},"query-input":{"@type":"PropertyValueSpecification","valueRequired":true,"valueName":"search_term_string"}}],"inLanguage":"es"}]}},"_links":{"self":[{"href":"https:\/\/orbiampuigimmobiliaria.cat\/es\/wp-json\/wp\/v2\/pages\/3969","targetHints":{"allow":["GET"]}}],"collection":[{"href":"https:\/\/orbiampuigimmobiliaria.cat\/es\/wp-json\/wp\/v2\/pages"}],"about":[{"href":"https:\/\/orbiampuigimmobiliaria.cat\/es\/wp-json\/wp\/v2\/types\/page"}],"author":[{"embeddable":true,"href":"https:\/\/orbiampuigimmobiliaria.cat\/es\/wp-json\/wp\/v2\/users\/1"}],"replies":[{"embeddable":true,"href":"https:\/\/orbiampuigimmobiliaria.cat\/es\/wp-json\/wp\/v2\/comments?post=3969"}],"version-history":[{"count":58,"href":"https:\/\/orbiampuigimmobiliaria.cat\/es\/wp-json\/wp\/v2\/pages\/3969\/revisions"}],"predecessor-version":[{"id":5604,"href":"https:\/\/orbiampuigimmobiliaria.cat\/es\/wp-json\/wp\/v2\/pages\/3969\/revisions\/5604"}],"wp:attachment":[{"href":"https:\/\/orbiampuigimmobiliaria.cat\/es\/wp-json\/wp\/v2\/media?parent=3969"}],"curies":[{"name":"wp","href":"https:\/\/api.w.org\/{rel}","templated":true}]}}